{"id":313,"date":"2018-04-05T22:30:01","date_gmt":"2018-04-05T20:30:01","guid":{"rendered":"https:\/\/www.todoslostonosyayres.com\/?page_id=313"},"modified":"2022-06-18T16:44:23","modified_gmt":"2022-06-18T14:44:23","slug":"ruben-garcia-benito","status":"publish","type":"page","link":"https:\/\/www.todoslostonosyayres.com\/en\/ruben-garcia-benito\/","title":{"rendered":"Rub\u00e9n Garc\u00eda Benito"},"content":{"rendered":"<div class=\"wpb-content-wrapper\"><div    class=\"\" style=' text-align:left;'><div class=\"full_section_inner clearfix\"><div class=\"wpb_column vc_column_container vc_col-sm-12\"><div class=\"vc_column-inner\"><div class=\"wpb_wrapper\"><div class=\"vc_row wpb_row vc_inner vc_row-fluid\"><div class=\"wpb_column vc_column_container vc_col-sm-2\"><div class=\"vc_column-inner\"><div class=\"wpb_wrapper\"><\/div><\/div><\/div><div class=\"wpb_column vc_column_container vc_col-sm-4\"><div class=\"vc_column-inner\"><div class=\"wpb_wrapper\"><div class=\"sec-image relative\"><div class=\"img-rotate wow fadeInLeftBig animated\" data-wow-duration=\"1.5s\"><a class=\"img-link\" href=\"http:\/\/rgb.iaa.es\" target=\"_blank\"><img decoding=\"async\" src=\"https:\/\/www.todoslostonosyayres.com\/wp-content\/uploads\/Galeria\/ruben_erhu_MAG2017_menu.jpg\" style=\"width:;height:;float:;margin:;padding:;position:;top:;bottom:;right:;left:;\" alt=\"img\" class=\"img-responsive\"\/><\/a><\/div><\/div><\/div><\/div><\/div><div class=\"wpb_column vc_column_container vc_col-sm-4\"><div class=\"vc_column-inner\"><div class=\"wpb_wrapper\">\n\t<div class=\"wpb_text_column wpb_content_element\" >\n\t\t<div class=\"wpb_wrapper\">\n\t\t\t<p>Classical musician (composition, violin,  lyrical singing), begins his path in Early Music with recorder and vielle. He soon felt attracted by Chinese culture, graduating in East Asian Studies and then moving his residence to China, where he combined research and language studies with the study of the country's traditional music in the workshops of the University of Beijing, in the specialties of erhu \u4e8c\u80e1 (Chinese violin), dizi \u7b1b\u5b50 and xiao \u7bab (Chinese flutes). In recent years he has been awarded a scholarship to participate in several editions of Traditional Chinese Music Courses at the Shanghai Conservatory, where he has the opportunity to receive classes from great masters such as Cheng Haihua \u6210\u6d77\u534e, Wang Yongde \u738b\u6c38\u5fb7 or Zhang Yongming \u8a79\u6c38\u660e among others. In the II and III Early Music Festival of Granada MAG he was in charge of developing the theme of the Festival, co-directing and interpreting the program <a href=\"https:\/\/www.todoslostonosyayres.com\/en\/viajeros-medievales\/\" target=\"_blank\" rel=\"noopener noreferrer\"><em>Musafir, Medieval Travelers<\/em><\/a>, in addition to conceiving and developing <em><a href=\"https:\/\/www.todoslostonosyayres.com\/en\/el-clave-del-emperador\/\" target=\"_blank\" rel=\"noopener noreferrer\">The Emperor's Harpsichord<\/a><\/em>. He currently combines his musical activity in <a href=\"https:\/\/www.todoslostonosyayres.com\/en\/seda-bambu\/\" target=\"_blank\" rel=\"noopener\"><img loading=\"lazy\" decoding=\"async\" class=\"alignnone wp-image-340\" src=\"https:\/\/www.todoslostonosyayres.com\/wp-content\/uploads\/Logos\/SyB_light-300x75.png\" alt=\"Seda &amp; Bamb\u00fa\" width=\"144\" height=\"36\" srcset=\"https:\/\/www.todoslostonosyayres.com\/wp-content\/uploads\/Logos\/SyB_light-300x75.png 300w, https:\/\/www.todoslostonosyayres.com\/wp-content\/uploads\/Logos\/SyB_light-768x192.png 768w, https:\/\/www.todoslostonosyayres.com\/wp-content\/uploads\/Logos\/SyB_light-1024x256.png 1024w, https:\/\/www.todoslostonosyayres.com\/wp-content\/uploads\/Logos\/SyB_light-600x150.png 600w, https:\/\/www.todoslostonosyayres.com\/wp-content\/uploads\/Logos\/SyB_light.png 1200w\" sizes=\"auto, (max-width: 144px) 100vw, 144px\" \/><\/a>and <img loading=\"lazy\" decoding=\"async\" class=\"alignnone wp-image-177\" src=\"https:\/\/www.todoslostonosyayres.com\/wp-content\/uploads\/Logos\/tonosyayres_small-300x39.png\" alt=\"\" width=\"215\" height=\"28\" \/> with his research work as Senior Scientist (Cient\u00edfico Titular) at the Spanish National Research Council (CSIC).<\/p>\n\n\t\t<\/div>\n\t<\/div>\n<\/div><\/div><\/div><div class=\"wpb_column vc_column_container vc_col-sm-2\"><div class=\"vc_column-inner\"><div class=\"wpb_wrapper\"><\/div><\/div><\/div><\/div><\/div><\/div><\/div><\/div><\/div>\n<\/div>","protected":false},"excerpt":{"rendered":"<p>M\u00fasico de formaci\u00f3n cl\u00e1sica (composici\u00f3n, viol\u00edn, canto l\u00edrico), inicia su andadura en la m\u00fasica antigua con flauta de pico y f\u00eddula. Muy pronto se siente atra\u00eddo por la cultura china, licenci\u00e1ndose en Estudios de Asia Oriental (sinolog\u00eda) y trasladando posteriormente su residencia a China, donde compagina la investigaci\u00f3n y estudios del idioma con el estudio [...]<\/p>\n","protected":false},"author":1,"featured_media":319,"parent":0,"menu_order":0,"comment_status":"closed","ping_status":"closed","template":"","meta":{"rs_blank_template":"","rs_page_bg_color":"","slide_template_v7":"","footnotes":""},"class_list":["post-313","page","type-page","status-publish","has-post-thumbnail","hentry"],"yoast_head":"<!-- This site is optimized with the Yoast SEO plugin v27.5 - https:\/\/yoast.com\/product\/yoast-seo-wordpress\/ -->\n<title>Rub\u00e9n Garc\u00eda Benito - Todos los Tonos y Ayres<\/title>\n<meta name=\"robots\" content=\"index, follow, max-snippet:-1, max-image-preview:large, max-video-preview:-1\" \/>\n<link rel=\"canonical\" href=\"https:\/\/www.todoslostonosyayres.com\/en\/ruben-garcia-benito\/\" \/>\n<meta name=\"twitter:card\" content=\"summary_large_image\" \/>\n<meta name=\"twitter:title\" content=\"Rub\u00e9n Garc\u00eda Benito - Todos los Tonos y Ayres\" \/>\n<meta name=\"twitter:image\" content=\"https:\/\/www.todoslostonosyayres.com\/wp-content\/uploads\/Menu\/ruben_dizi_menu.jpg\" \/>\n<meta name=\"twitter:label1\" content=\"Est. reading time\" \/>\n\t<meta name=\"twitter:data1\" content=\"1 minute\" \/>\n<script type=\"application\/ld+json\" class=\"yoast-schema-graph\">{\"@context\":\"https:\\\/\\\/schema.org\",\"@graph\":[{\"@type\":\"WebPage\",\"@id\":\"https:\\\/\\\/www.todoslostonosyayres.com\\\/ruben-garcia-benito\\\/\",\"url\":\"https:\\\/\\\/www.todoslostonosyayres.com\\\/ruben-garcia-benito\\\/\",\"name\":\"Rub\u00e9n Garc\u00eda Benito - Todos los Tonos y Ayres\",\"isPartOf\":{\"@id\":\"https:\\\/\\\/www.todoslostonosyayres.com\\\/#website\"},\"primaryImageOfPage\":{\"@id\":\"https:\\\/\\\/www.todoslostonosyayres.com\\\/ruben-garcia-benito\\\/#primaryimage\"},\"image\":{\"@id\":\"https:\\\/\\\/www.todoslostonosyayres.com\\\/ruben-garcia-benito\\\/#primaryimage\"},\"thumbnailUrl\":\"https:\\\/\\\/www.todoslostonosyayres.com\\\/wp-content\\\/uploads\\\/Menu\\\/ruben_dizi_menu.jpg\",\"datePublished\":\"2018-04-05T20:30:01+00:00\",\"dateModified\":\"2022-06-18T14:44:23+00:00\",\"breadcrumb\":{\"@id\":\"https:\\\/\\\/www.todoslostonosyayres.com\\\/ruben-garcia-benito\\\/#breadcrumb\"},\"inLanguage\":\"en-US\",\"potentialAction\":[{\"@type\":\"ReadAction\",\"target\":[\"https:\\\/\\\/www.todoslostonosyayres.com\\\/ruben-garcia-benito\\\/\"]}]},{\"@type\":\"ImageObject\",\"inLanguage\":\"en-US\",\"@id\":\"https:\\\/\\\/www.todoslostonosyayres.com\\\/ruben-garcia-benito\\\/#primaryimage\",\"url\":\"https:\\\/\\\/www.todoslostonosyayres.com\\\/wp-content\\\/uploads\\\/Menu\\\/ruben_dizi_menu.jpg\",\"contentUrl\":\"https:\\\/\\\/www.todoslostonosyayres.com\\\/wp-content\\\/uploads\\\/Menu\\\/ruben_dizi_menu.jpg\",\"width\":3224,\"height\":740},{\"@type\":\"BreadcrumbList\",\"@id\":\"https:\\\/\\\/www.todoslostonosyayres.com\\\/ruben-garcia-benito\\\/#breadcrumb\",\"itemListElement\":[{\"@type\":\"ListItem\",\"position\":1,\"name\":\"Inicio\",\"item\":\"https:\\\/\\\/www.todoslostonosyayres.com\\\/\"},{\"@type\":\"ListItem\",\"position\":2,\"name\":\"Rub\u00e9n Garc\u00eda Benito\"}]},{\"@type\":\"WebSite\",\"@id\":\"https:\\\/\\\/www.todoslostonosyayres.com\\\/#website\",\"url\":\"https:\\\/\\\/www.todoslostonosyayres.com\\\/\",\"name\":\"Todos los Tonos y Ayres\",\"description\":\"Primera agrupaci\u00f3n de m\u00fasica antigua china y europea en Espa\u00f1a\",\"publisher\":{\"@id\":\"https:\\\/\\\/www.todoslostonosyayres.com\\\/#organization\"},\"potentialAction\":[{\"@type\":\"SearchAction\",\"target\":{\"@type\":\"EntryPoint\",\"urlTemplate\":\"https:\\\/\\\/www.todoslostonosyayres.com\\\/?s={search_term_string}\"},\"query-input\":{\"@type\":\"PropertyValueSpecification\",\"valueRequired\":true,\"valueName\":\"search_term_string\"}}],\"inLanguage\":\"en-US\"},{\"@type\":\"Organization\",\"@id\":\"https:\\\/\\\/www.todoslostonosyayres.com\\\/#organization\",\"name\":\"Todos los Tonos y Ayres\",\"url\":\"https:\\\/\\\/www.todoslostonosyayres.com\\\/\",\"logo\":{\"@type\":\"ImageObject\",\"inLanguage\":\"en-US\",\"@id\":\"https:\\\/\\\/www.todoslostonosyayres.com\\\/#\\\/schema\\\/logo\\\/image\\\/\",\"url\":\"https:\\\/\\\/www.todoslostonosyayres.com\\\/wp-content\\\/uploads\\\/Logos\\\/TAmedium.png\",\"contentUrl\":\"https:\\\/\\\/www.todoslostonosyayres.com\\\/wp-content\\\/uploads\\\/Logos\\\/TAmedium.png\",\"width\":100,\"height\":149,\"caption\":\"Todos los Tonos y Ayres\"},\"image\":{\"@id\":\"https:\\\/\\\/www.todoslostonosyayres.com\\\/#\\\/schema\\\/logo\\\/image\\\/\"},\"sameAs\":[\"https:\\\/\\\/www.facebook.com\\\/tonos.ayres\\\/\",\"https:\\\/\\\/www.youtube.com\\\/channel\\\/UCFx7iNEhJWGAq0xFxAnlUpQ\"]}]}<\/script>\n<!-- \/ Yoast SEO plugin. -->","yoast_head_json":{"title":"Rub\u00e9n Garc\u00eda Benito - Todos los Tonos y Ayres","robots":{"index":"index","follow":"follow","max-snippet":"max-snippet:-1","max-image-preview":"max-image-preview:large","max-video-preview":"max-video-preview:-1"},"canonical":"https:\/\/www.todoslostonosyayres.com\/en\/ruben-garcia-benito\/","twitter_card":"summary_large_image","twitter_title":"Rub\u00e9n Garc\u00eda Benito - Todos los Tonos y Ayres","twitter_image":"https:\/\/www.todoslostonosyayres.com\/wp-content\/uploads\/Menu\/ruben_dizi_menu.jpg","twitter_misc":{"Est. reading time":"1 minute"},"schema":{"@context":"https:\/\/schema.org","@graph":[{"@type":"WebPage","@id":"https:\/\/www.todoslostonosyayres.com\/ruben-garcia-benito\/","url":"https:\/\/www.todoslostonosyayres.com\/ruben-garcia-benito\/","name":"Rub\u00e9n Garc\u00eda Benito - Todos los Tonos y Ayres","isPartOf":{"@id":"https:\/\/www.todoslostonosyayres.com\/#website"},"primaryImageOfPage":{"@id":"https:\/\/www.todoslostonosyayres.com\/ruben-garcia-benito\/#primaryimage"},"image":{"@id":"https:\/\/www.todoslostonosyayres.com\/ruben-garcia-benito\/#primaryimage"},"thumbnailUrl":"https:\/\/www.todoslostonosyayres.com\/wp-content\/uploads\/Menu\/ruben_dizi_menu.jpg","datePublished":"2018-04-05T20:30:01+00:00","dateModified":"2022-06-18T14:44:23+00:00","breadcrumb":{"@id":"https:\/\/www.todoslostonosyayres.com\/ruben-garcia-benito\/#breadcrumb"},"inLanguage":"en-US","potentialAction":[{"@type":"ReadAction","target":["https:\/\/www.todoslostonosyayres.com\/ruben-garcia-benito\/"]}]},{"@type":"ImageObject","inLanguage":"en-US","@id":"https:\/\/www.todoslostonosyayres.com\/ruben-garcia-benito\/#primaryimage","url":"https:\/\/www.todoslostonosyayres.com\/wp-content\/uploads\/Menu\/ruben_dizi_menu.jpg","contentUrl":"https:\/\/www.todoslostonosyayres.com\/wp-content\/uploads\/Menu\/ruben_dizi_menu.jpg","width":3224,"height":740},{"@type":"BreadcrumbList","@id":"https:\/\/www.todoslostonosyayres.com\/ruben-garcia-benito\/#breadcrumb","itemListElement":[{"@type":"ListItem","position":1,"name":"Inicio","item":"https:\/\/www.todoslostonosyayres.com\/"},{"@type":"ListItem","position":2,"name":"Rub\u00e9n Garc\u00eda Benito"}]},{"@type":"WebSite","@id":"https:\/\/www.todoslostonosyayres.com\/#website","url":"https:\/\/www.todoslostonosyayres.com\/","name":"Todos los Tonos y Ayres","description":"Primera agrupaci\u00f3n de m\u00fasica antigua china y europea en Espa\u00f1a","publisher":{"@id":"https:\/\/www.todoslostonosyayres.com\/#organization"},"potentialAction":[{"@type":"SearchAction","target":{"@type":"EntryPoint","urlTemplate":"https:\/\/www.todoslostonosyayres.com\/?s={search_term_string}"},"query-input":{"@type":"PropertyValueSpecification","valueRequired":true,"valueName":"search_term_string"}}],"inLanguage":"en-US"},{"@type":"Organization","@id":"https:\/\/www.todoslostonosyayres.com\/#organization","name":"Todos los Tonos y Ayres","url":"https:\/\/www.todoslostonosyayres.com\/","logo":{"@type":"ImageObject","inLanguage":"en-US","@id":"https:\/\/www.todoslostonosyayres.com\/#\/schema\/logo\/image\/","url":"https:\/\/www.todoslostonosyayres.com\/wp-content\/uploads\/Logos\/TAmedium.png","contentUrl":"https:\/\/www.todoslostonosyayres.com\/wp-content\/uploads\/Logos\/TAmedium.png","width":100,"height":149,"caption":"Todos los Tonos y Ayres"},"image":{"@id":"https:\/\/www.todoslostonosyayres.com\/#\/schema\/logo\/image\/"},"sameAs":["https:\/\/www.facebook.com\/tonos.ayres\/","https:\/\/www.youtube.com\/channel\/UCFx7iNEhJWGAq0xFxAnlUpQ"]}]}},"_links":{"self":[{"href":"https:\/\/www.todoslostonosyayres.com\/en\/wp-json\/wp\/v2\/pages\/313","targetHints":{"allow":["GET"]}}],"collection":[{"href":"https:\/\/www.todoslostonosyayres.com\/en\/wp-json\/wp\/v2\/pages"}],"about":[{"href":"https:\/\/www.todoslostonosyayres.com\/en\/wp-json\/wp\/v2\/types\/page"}],"author":[{"embeddable":true,"href":"https:\/\/www.todoslostonosyayres.com\/en\/wp-json\/wp\/v2\/users\/1"}],"replies":[{"embeddable":true,"href":"https:\/\/www.todoslostonosyayres.com\/en\/wp-json\/wp\/v2\/comments?post=313"}],"version-history":[{"count":16,"href":"https:\/\/www.todoslostonosyayres.com\/en\/wp-json\/wp\/v2\/pages\/313\/revisions"}],"predecessor-version":[{"id":2086,"href":"https:\/\/www.todoslostonosyayres.com\/en\/wp-json\/wp\/v2\/pages\/313\/revisions\/2086"}],"wp:featuredmedia":[{"embeddable":true,"href":"https:\/\/www.todoslostonosyayres.com\/en\/wp-json\/wp\/v2\/media\/319"}],"wp:attachment":[{"href":"https:\/\/www.todoslostonosyayres.com\/en\/wp-json\/wp\/v2\/media?parent=313"}],"curies":[{"name":"wp","href":"https:\/\/api.w.org\/{rel}","templated":true}]}}