{"id":320,"date":"2018-04-05T22:49:42","date_gmt":"2018-04-05T20:49:42","guid":{"rendered":"https:\/\/www.todoslostonosyayres.com\/?page_id=320"},"modified":"2022-07-12T12:02:51","modified_gmt":"2022-07-12T10:02:51","slug":"todos-los-tonos-y-ayres","status":"publish","type":"page","link":"https:\/\/www.todoslostonosyayres.com\/en\/todos-los-tonos-y-ayres\/","title":{"rendered":"The project"},"content":{"rendered":"<div    class=\"\" style=' text-align:left;'><div class=\"full_section_inner clearfix\"><div class=\"wpb_column vc_column_container vc_col-sm-2\"><div class=\"vc_column-inner\"><div class=\"wpb_wrapper\"><\/div><\/div><\/div><div class=\"wpb_column vc_column_container vc_col-sm-8\"><div class=\"vc_column-inner\"><div class=\"wpb_wrapper\">\n\t<div class=\"wpb_text_column wpb_content_element\" >\n\t\t<div class=\"wpb_wrapper\">\n\t\t\t<p><img loading=\"lazy\" decoding=\"async\" class=\"alignleft wp-image-323\" src=\"https:\/\/www.todoslostonosyayres.com\/wp-content\/uploads\/Galeria\/TyAred3D-206x300.png\" alt=\"\" width=\"324\" height=\"472\" srcset=\"https:\/\/www.todoslostonosyayres.com\/wp-content\/uploads\/Galeria\/TyAred3D-206x300.png 206w, https:\/\/www.todoslostonosyayres.com\/wp-content\/uploads\/Galeria\/TyAred3D-768x1120.png 768w, https:\/\/www.todoslostonosyayres.com\/wp-content\/uploads\/Galeria\/TyAred3D-702x1024.png 702w, https:\/\/www.todoslostonosyayres.com\/wp-content\/uploads\/Galeria\/TyAred3D-600x875.png 600w\" sizes=\"auto, (max-width: 324px) 100vw, 324px\" \/> <a href=\"https:\/\/www.todoslostonosyayres.com\/wp-content\/uploads\/Documentos\/Dossier_Todos_los_Tonos_y_Ayres.pdf\" target=\"_blank\" rel=\"noopener noreferrer\"><img loading=\"lazy\" decoding=\"async\" class=\"alignnone wp-image-176\" title=\"Todos los Tonos y Ayres\" src=\"https:\/\/www.todoslostonosyayres.com\/wp-content\/uploads\/Logos\/tonosyayres-300x51.png\" alt=\"\" width=\"171\" height=\"29\" srcset=\"https:\/\/www.todoslostonosyayres.com\/wp-content\/uploads\/Logos\/tonosyayres-300x51.png 300w, https:\/\/www.todoslostonosyayres.com\/wp-content\/uploads\/Logos\/tonosyayres-768x131.png 768w, https:\/\/www.todoslostonosyayres.com\/wp-content\/uploads\/Logos\/tonosyayres-600x102.png 600w, https:\/\/www.todoslostonosyayres.com\/wp-content\/uploads\/Logos\/tonosyayres.png 972w\" sizes=\"auto, (max-width: 171px) 100vw, 171px\" \/><\/a> is the first Spanish early music ensemble specialising in the research of East Asia early music and Chinese music in particular.<\/p>\n<p>After training in China, Abigail R. Horro and Rub\u00e9n Garc\u00eda Benito founded this project which aims to raise awareness of the historical and musical relations that existed in the past between Europe and Asia, as well as the presence of Iberian music beyond its own borders, always with the utmost respect and historically informed rigour towards the musical manifestations of all the cultural contexts they work in.<\/p>\n<p><a href=\"https:\/\/www.todoslostonosyayres.com\/wp-content\/uploads\/Documentos\/Dossier_Todos_los_Tonos_y_Ayres.pdf\" target=\"_blank\" rel=\"noopener noreferrer\"><img loading=\"lazy\" decoding=\"async\" class=\"alignnone wp-image-176\" title=\"Todos los Tonos y Ayres\" src=\"https:\/\/www.todoslostonosyayres.com\/wp-content\/uploads\/Logos\/tonosyayres-300x51.png\" alt=\"\" width=\"171\" height=\"29\" srcset=\"https:\/\/www.todoslostonosyayres.com\/wp-content\/uploads\/Logos\/tonosyayres-300x51.png 300w, https:\/\/www.todoslostonosyayres.com\/wp-content\/uploads\/Logos\/tonosyayres-768x131.png 768w, https:\/\/www.todoslostonosyayres.com\/wp-content\/uploads\/Logos\/tonosyayres-600x102.png 600w, https:\/\/www.todoslostonosyayres.com\/wp-content\/uploads\/Logos\/tonosyayres.png 972w\" sizes=\"auto, (max-width: 171px) 100vw, 171px\" \/><\/a> has carried out several artistic and research projects in collaboration with entities such as the Confucius Institute, the <a href=\"https:\/\/www.cac.es\/astronomia\/conferencia2016-02.jsp\" target=\"_blank\" rel=\"noopener\">City of Arts and Sciences<\/a> or the Cervantes Institute, and they have performed, among others, in the FEX \u2013 International Music and Dance Festival of Granada, the Early Music Festival of Gij\u00f3n or the Early Music Festival of \u00dabeda and Baeza (FeMAAV \u2013 FeMAUB).<\/p>\n<p>Its proposals have led them to develop major projects on the interculturality of\nuniversal early music, in which they invite prestigious collaborators to participate,\nsuch as <a href=\"https:\/\/www.todoslostonosyayres.com\/en\/viajeros-medievales\/\" target=\"_blank\" rel=\"noopener noreferrer\"><em>Musafir, Medieval Travelers<\/em><\/a>, an ambitious intercultural and multidisciplinary programme on the\ngreat commercial and exploration routes of the Middle Ages, premiered at the closing\nconcert of the <a href=\"https:\/\/festivalmag.es\/mevents\/v-medievales\/\" target=\"_blank\" rel=\"noopener noreferrer\">2nd Early Music Festival of Granada<\/a>.<\/p>\n<p>Its projects on historical interculturality have aroused the interest of various creators and national and international media, such as the <a href=\"https:\/\/www.youtube.com\/watch?v=Xik2jTzdAaY#t=25m25s\" target=\"_blank\" rel=\"noopener\">Chinese national television CCTV<\/a> or the award-winning filmmaker Jos\u00e9 Luis L\u00f3pez Linares for his documentary film<a href=\"https:\/\/primeraglobalizacion.es\/\" target=\"_blank\" rel=\"noopener\"> Espa\u00f1a, la primera globalizaci\u00f3n.<\/a>.<\/p>\n<p class=\"translation-block\">For the <a href=\"https:\/\/hermes.cervantes.es\/FichaWeb\/118823\/105\" target=\"_blank\" rel=\"noopener noreferrer\">Diego de Pantoja Year<\/a>, they created the project <a href=\"https:\/\/www.todoslostonosyayres.com\/en\/el-clave-del-emperador\/\" target=\"_blank\"><em>The Emperor's Harpsichord: Diego de Pantoja and his legacy<\/em><\/a>, premiered at the <a href=\"https:\/\/festivalmag. es\/mevents\/todos-los-tonos-y-aires-iliber-ensemble\/\" target=\"_blank\" rel=\"noopener noreferrer\">3rd Granada Early Music Festival<\/a>, a unique proposal in the Spanish musicological panorama, which brought them, together with <a href=\"http:\/\/www.iliberensemble. com\" target=\"_blank\" rel=\"noopener noreferrer\">\u00cdliber Ensemble<\/a>, to a tour in China between the months of May and June 2018 organized by the Instituto Cervantes and the Embassy of Spain in China, participating, among others, in the international festival Meet in Beijing. <a href=\"https:\/\/www.todoslostonosyayres.com\/en\/criticas-cd-el-clave-del-emperador\/\" target=\"_blank\" rel=\"noopener\"><em>El Clave del Emperador<\/em><\/a> is their first album for the <a href=\"https:\/\/www.ibsclassical.es\/product\/el-clave-del-emperador\/\" target=\"_blank\" rel=\"noopener\">IBS Classical<\/a> label.<\/p>\n\n\t\t<\/div>\n\t<\/div>\n<div class=\"vc_empty_space\"   style=\"height: 20px\"><span class=\"vc_empty_space_inner\"><\/span><\/div><\/div><\/div><\/div><div class=\"wpb_column vc_column_container vc_col-sm-2\"><div class=\"vc_column-inner\"><div class=\"wpb_wrapper\"><\/div><\/div><\/div><\/div><\/div><div    class=\"\" style=' text-align:left;'><div class=\"full_section_inner clearfix\"><div class=\"wpb_column vc_column_container vc_col-sm-2\"><div class=\"vc_column-inner\"><div class=\"wpb_wrapper\"><\/div><\/div><\/div><div class=\"wpb_column vc_column_container vc_col-sm-8\"><div class=\"vc_column-inner\"><div class=\"wpb_wrapper\">\n<div class=\"vc_grid-container-wrapper vc_clearfix vc_grid-animation-zoomIn\">\n\t<div class=\"vc_grid-container vc_clearfix wpb_content_element vc_masonry_media_grid\" data-initial-loading-animation=\"zoomIn\" data-vc-grid-settings=\"{&quot;page_id&quot;:320,&quot;style&quot;:&quot;lazy-masonry&quot;,&quot;action&quot;:&quot;vc_get_vc_grid_data&quot;,&quot;shortcode_id&quot;:&quot;1657619900927-94b34dee-2c21-8&quot;,&quot;items_per_page&quot;:&quot;10&quot;,&quot;tag&quot;:&quot;vc_masonry_media_grid&quot;}\" data-vc-request=\"https:\/\/www.todoslostonosyayres.com\/wp-admin\/admin-ajax.php\" data-vc-post-id=\"320\" data-vc-public-nonce=\"9d9e8e15e2\">\n\t\t\n\t<\/div>\n<\/div><\/div><\/div><\/div><div class=\"wpb_column vc_column_container vc_col-sm-2\"><div class=\"vc_column-inner\"><div class=\"wpb_wrapper\"><\/div><\/div><\/div><\/div><\/div>","protected":false},"excerpt":{"rendered":"<p>es la primera agrupaci\u00f3n espa\u00f1ola de m\u00fasica antigua con especializaci\u00f3n en la investigaci\u00f3n de las m\u00fasicas antiguas de Asia Oriental y China en particular. Tras formarse en China, Abigail R. Horro y Rub\u00e9n Garc\u00eda Benito fundaron este proyecto que tiene entre sus objetivos dar a conocer las relaciones hist\u00f3ricas y musicales que se dieron en [...]<\/p>\n","protected":false},"author":1,"featured_media":186,"parent":0,"menu_order":0,"comment_status":"closed","ping_status":"closed","template":"","meta":{"rs_blank_template":"","rs_page_bg_color":"","slide_template_v7":"","footnotes":""},"class_list":["post-320","page","type-page","status-publish","has-post-thumbnail","hentry"],"yoast_head":"<!-- This site is optimized with the Yoast SEO plugin v27.3 - https:\/\/yoast.com\/product\/yoast-seo-wordpress\/ -->\n<title>El proyecto - Todos los Tonos y Ayres<\/title>\n<meta name=\"robots\" content=\"index, follow, max-snippet:-1, max-image-preview:large, max-video-preview:-1\" \/>\n<link rel=\"canonical\" href=\"https:\/\/www.todoslostonosyayres.com\/en\/todos-los-tonos-y-ayres\/\" \/>\n<meta name=\"twitter:card\" content=\"summary_large_image\" \/>\n<meta name=\"twitter:title\" content=\"El proyecto - Todos los Tonos y Ayres\" \/>\n<meta name=\"twitter:image\" content=\"https:\/\/www.todoslostonosyayres.com\/wp-content\/uploads\/Menu\/about_02_menu.jpg\" \/>\n<meta name=\"twitter:label1\" content=\"Est. reading time\" \/>\n\t<meta name=\"twitter:data1\" content=\"4 minutes\" \/>\n<script type=\"application\/ld+json\" class=\"yoast-schema-graph\">{\"@context\":\"https:\\\/\\\/schema.org\",\"@graph\":[{\"@type\":\"WebPage\",\"@id\":\"https:\\\/\\\/www.todoslostonosyayres.com\\\/todos-los-tonos-y-ayres\\\/\",\"url\":\"https:\\\/\\\/www.todoslostonosyayres.com\\\/todos-los-tonos-y-ayres\\\/\",\"name\":\"El proyecto - Todos los Tonos y Ayres\",\"isPartOf\":{\"@id\":\"https:\\\/\\\/www.todoslostonosyayres.com\\\/#website\"},\"primaryImageOfPage\":{\"@id\":\"https:\\\/\\\/www.todoslostonosyayres.com\\\/todos-los-tonos-y-ayres\\\/#primaryimage\"},\"image\":{\"@id\":\"https:\\\/\\\/www.todoslostonosyayres.com\\\/todos-los-tonos-y-ayres\\\/#primaryimage\"},\"thumbnailUrl\":\"https:\\\/\\\/www.todoslostonosyayres.com\\\/wp-content\\\/uploads\\\/Menu\\\/about_02_menu.jpg\",\"datePublished\":\"2018-04-05T20:49:42+00:00\",\"dateModified\":\"2022-07-12T10:02:51+00:00\",\"breadcrumb\":{\"@id\":\"https:\\\/\\\/www.todoslostonosyayres.com\\\/todos-los-tonos-y-ayres\\\/#breadcrumb\"},\"inLanguage\":\"en-US\",\"potentialAction\":[{\"@type\":\"ReadAction\",\"target\":[\"https:\\\/\\\/www.todoslostonosyayres.com\\\/todos-los-tonos-y-ayres\\\/\"]}]},{\"@type\":\"ImageObject\",\"inLanguage\":\"en-US\",\"@id\":\"https:\\\/\\\/www.todoslostonosyayres.com\\\/todos-los-tonos-y-ayres\\\/#primaryimage\",\"url\":\"https:\\\/\\\/www.todoslostonosyayres.com\\\/wp-content\\\/uploads\\\/Menu\\\/about_02_menu.jpg\",\"contentUrl\":\"https:\\\/\\\/www.todoslostonosyayres.com\\\/wp-content\\\/uploads\\\/Menu\\\/about_02_menu.jpg\",\"width\":794,\"height\":1476,\"caption\":\"Fotograf\u00eda: Antonio Maldonado\"},{\"@type\":\"BreadcrumbList\",\"@id\":\"https:\\\/\\\/www.todoslostonosyayres.com\\\/todos-los-tonos-y-ayres\\\/#breadcrumb\",\"itemListElement\":[{\"@type\":\"ListItem\",\"position\":1,\"name\":\"Inicio\",\"item\":\"https:\\\/\\\/www.todoslostonosyayres.com\\\/\"},{\"@type\":\"ListItem\",\"position\":2,\"name\":\"El proyecto\"}]},{\"@type\":\"WebSite\",\"@id\":\"https:\\\/\\\/www.todoslostonosyayres.com\\\/#website\",\"url\":\"https:\\\/\\\/www.todoslostonosyayres.com\\\/\",\"name\":\"Todos los Tonos y Ayres\",\"description\":\"Primera agrupaci\u00f3n de m\u00fasica antigua china y europea en Espa\u00f1a\",\"publisher\":{\"@id\":\"https:\\\/\\\/www.todoslostonosyayres.com\\\/#organization\"},\"potentialAction\":[{\"@type\":\"SearchAction\",\"target\":{\"@type\":\"EntryPoint\",\"urlTemplate\":\"https:\\\/\\\/www.todoslostonosyayres.com\\\/?s={search_term_string}\"},\"query-input\":{\"@type\":\"PropertyValueSpecification\",\"valueRequired\":true,\"valueName\":\"search_term_string\"}}],\"inLanguage\":\"en-US\"},{\"@type\":\"Organization\",\"@id\":\"https:\\\/\\\/www.todoslostonosyayres.com\\\/#organization\",\"name\":\"Todos los Tonos y Ayres\",\"url\":\"https:\\\/\\\/www.todoslostonosyayres.com\\\/\",\"logo\":{\"@type\":\"ImageObject\",\"inLanguage\":\"en-US\",\"@id\":\"https:\\\/\\\/www.todoslostonosyayres.com\\\/#\\\/schema\\\/logo\\\/image\\\/\",\"url\":\"https:\\\/\\\/www.todoslostonosyayres.com\\\/wp-content\\\/uploads\\\/Logos\\\/TAmedium.png\",\"contentUrl\":\"https:\\\/\\\/www.todoslostonosyayres.com\\\/wp-content\\\/uploads\\\/Logos\\\/TAmedium.png\",\"width\":100,\"height\":149,\"caption\":\"Todos los Tonos y Ayres\"},\"image\":{\"@id\":\"https:\\\/\\\/www.todoslostonosyayres.com\\\/#\\\/schema\\\/logo\\\/image\\\/\"},\"sameAs\":[\"https:\\\/\\\/www.facebook.com\\\/tonos.ayres\\\/\",\"https:\\\/\\\/www.youtube.com\\\/channel\\\/UCFx7iNEhJWGAq0xFxAnlUpQ\"]}]}<\/script>\n<!-- \/ Yoast SEO plugin. -->","yoast_head_json":{"title":"El proyecto - Todos los Tonos y Ayres","robots":{"index":"index","follow":"follow","max-snippet":"max-snippet:-1","max-image-preview":"max-image-preview:large","max-video-preview":"max-video-preview:-1"},"canonical":"https:\/\/www.todoslostonosyayres.com\/en\/todos-los-tonos-y-ayres\/","twitter_card":"summary_large_image","twitter_title":"El proyecto - Todos los Tonos y Ayres","twitter_image":"https:\/\/www.todoslostonosyayres.com\/wp-content\/uploads\/Menu\/about_02_menu.jpg","twitter_misc":{"Est. reading time":"4 minutes"},"schema":{"@context":"https:\/\/schema.org","@graph":[{"@type":"WebPage","@id":"https:\/\/www.todoslostonosyayres.com\/todos-los-tonos-y-ayres\/","url":"https:\/\/www.todoslostonosyayres.com\/todos-los-tonos-y-ayres\/","name":"El proyecto - Todos los Tonos y Ayres","isPartOf":{"@id":"https:\/\/www.todoslostonosyayres.com\/#website"},"primaryImageOfPage":{"@id":"https:\/\/www.todoslostonosyayres.com\/todos-los-tonos-y-ayres\/#primaryimage"},"image":{"@id":"https:\/\/www.todoslostonosyayres.com\/todos-los-tonos-y-ayres\/#primaryimage"},"thumbnailUrl":"https:\/\/www.todoslostonosyayres.com\/wp-content\/uploads\/Menu\/about_02_menu.jpg","datePublished":"2018-04-05T20:49:42+00:00","dateModified":"2022-07-12T10:02:51+00:00","breadcrumb":{"@id":"https:\/\/www.todoslostonosyayres.com\/todos-los-tonos-y-ayres\/#breadcrumb"},"inLanguage":"en-US","potentialAction":[{"@type":"ReadAction","target":["https:\/\/www.todoslostonosyayres.com\/todos-los-tonos-y-ayres\/"]}]},{"@type":"ImageObject","inLanguage":"en-US","@id":"https:\/\/www.todoslostonosyayres.com\/todos-los-tonos-y-ayres\/#primaryimage","url":"https:\/\/www.todoslostonosyayres.com\/wp-content\/uploads\/Menu\/about_02_menu.jpg","contentUrl":"https:\/\/www.todoslostonosyayres.com\/wp-content\/uploads\/Menu\/about_02_menu.jpg","width":794,"height":1476,"caption":"Fotograf\u00eda: Antonio Maldonado"},{"@type":"BreadcrumbList","@id":"https:\/\/www.todoslostonosyayres.com\/todos-los-tonos-y-ayres\/#breadcrumb","itemListElement":[{"@type":"ListItem","position":1,"name":"Inicio","item":"https:\/\/www.todoslostonosyayres.com\/"},{"@type":"ListItem","position":2,"name":"El proyecto"}]},{"@type":"WebSite","@id":"https:\/\/www.todoslostonosyayres.com\/#website","url":"https:\/\/www.todoslostonosyayres.com\/","name":"Todos los Tonos y Ayres","description":"Primera agrupaci\u00f3n de m\u00fasica antigua china y europea en Espa\u00f1a","publisher":{"@id":"https:\/\/www.todoslostonosyayres.com\/#organization"},"potentialAction":[{"@type":"SearchAction","target":{"@type":"EntryPoint","urlTemplate":"https:\/\/www.todoslostonosyayres.com\/?s={search_term_string}"},"query-input":{"@type":"PropertyValueSpecification","valueRequired":true,"valueName":"search_term_string"}}],"inLanguage":"en-US"},{"@type":"Organization","@id":"https:\/\/www.todoslostonosyayres.com\/#organization","name":"Todos los Tonos y Ayres","url":"https:\/\/www.todoslostonosyayres.com\/","logo":{"@type":"ImageObject","inLanguage":"en-US","@id":"https:\/\/www.todoslostonosyayres.com\/#\/schema\/logo\/image\/","url":"https:\/\/www.todoslostonosyayres.com\/wp-content\/uploads\/Logos\/TAmedium.png","contentUrl":"https:\/\/www.todoslostonosyayres.com\/wp-content\/uploads\/Logos\/TAmedium.png","width":100,"height":149,"caption":"Todos los Tonos y Ayres"},"image":{"@id":"https:\/\/www.todoslostonosyayres.com\/#\/schema\/logo\/image\/"},"sameAs":["https:\/\/www.facebook.com\/tonos.ayres\/","https:\/\/www.youtube.com\/channel\/UCFx7iNEhJWGAq0xFxAnlUpQ"]}]}},"_links":{"self":[{"href":"https:\/\/www.todoslostonosyayres.com\/en\/wp-json\/wp\/v2\/pages\/320","targetHints":{"allow":["GET"]}}],"collection":[{"href":"https:\/\/www.todoslostonosyayres.com\/en\/wp-json\/wp\/v2\/pages"}],"about":[{"href":"https:\/\/www.todoslostonosyayres.com\/en\/wp-json\/wp\/v2\/types\/page"}],"author":[{"embeddable":true,"href":"https:\/\/www.todoslostonosyayres.com\/en\/wp-json\/wp\/v2\/users\/1"}],"replies":[{"embeddable":true,"href":"https:\/\/www.todoslostonosyayres.com\/en\/wp-json\/wp\/v2\/comments?post=320"}],"version-history":[{"count":41,"href":"https:\/\/www.todoslostonosyayres.com\/en\/wp-json\/wp\/v2\/pages\/320\/revisions"}],"predecessor-version":[{"id":2120,"href":"https:\/\/www.todoslostonosyayres.com\/en\/wp-json\/wp\/v2\/pages\/320\/revisions\/2120"}],"wp:featuredmedia":[{"embeddable":true,"href":"https:\/\/www.todoslostonosyayres.com\/en\/wp-json\/wp\/v2\/media\/186"}],"wp:attachment":[{"href":"https:\/\/www.todoslostonosyayres.com\/en\/wp-json\/wp\/v2\/media?parent=320"}],"curies":[{"name":"wp","href":"https:\/\/api.w.org\/{rel}","templated":true}]}}