{"id":38,"date":"2018-04-02T21:25:29","date_gmt":"2018-04-02T21:25:29","guid":{"rendered":"https:\/\/www.todoslostonosyayres.com\/?page_id=38"},"modified":"2025-03-27T23:18:23","modified_gmt":"2025-03-27T22:18:23","slug":"galeria","status":"publish","type":"page","link":"https:\/\/www.todoslostonosyayres.com\/en\/galeria\/","title":{"rendered":"Pictures"},"content":{"rendered":"<div class=\"wpb-content-wrapper\"><div    class=\"\" style=' text-align:left;'><div class=\"full_section_inner clearfix\"><div class=\"wpb_column vc_column_container vc_col-sm-12\"><div class=\"vc_column-inner\"><div class=\"wpb_wrapper\"><div class=\"vc_row wpb_row vc_inner vc_row-fluid\"><div class=\"wpb_column vc_column_container vc_col-sm-2\"><div class=\"vc_column-inner\"><div class=\"wpb_wrapper\"><\/div><\/div><\/div><div class=\"wpb_column vc_column_container vc_col-sm-8\"><div class=\"vc_column-inner\"><div class=\"wpb_wrapper\"><\/div><\/div><\/div><div class=\"wpb_column vc_column_container vc_col-sm-2\"><div class=\"vc_column-inner\"><div class=\"wpb_wrapper\"><\/div><\/div><\/div><\/div><\/div><\/div><\/div><\/div><\/div><div    class=\"\" style=' text-align:left;'><div class=\"full_section_inner clearfix\"><div class=\"wpb_column vc_column_container vc_col-sm-12\"><div class=\"vc_column-inner\"><div class=\"wpb_wrapper\"><div class=\"vc_empty_space\"   style=\"height: 45px\"><span class=\"vc_empty_space_inner\"><\/span><\/div><\/div><\/div><\/div><\/div><\/div><div    class=\"\" style=' text-align:left;'><div class=\"full_section_inner clearfix\"><div class=\"wpb_column vc_column_container vc_col-sm-12\"><div class=\"vc_column-inner\"><div class=\"wpb_wrapper\">\n<div class=\"vc_grid-container-wrapper vc_clearfix vc_grid-animation-zoomIn\">\n\t<div class=\"vc_grid-container vc_clearfix wpb_content_element vc_masonry_media_grid\" data-initial-loading-animation=\"zoomIn\" data-vc-grid-settings=\"{&quot;page_id&quot;:38,&quot;style&quot;:&quot;lazy-masonry&quot;,&quot;action&quot;:&quot;vc_get_vc_grid_data&quot;,&quot;shortcode_id&quot;:&quot;1743113827110-673fd4f7-4b74-1&quot;,&quot;items_per_page&quot;:&quot;10&quot;,&quot;tag&quot;:&quot;vc_masonry_media_grid&quot;}\" data-vc-request=\"https:\/\/www.todoslostonosyayres.com\/wp-admin\/admin-ajax.php\" data-vc-post-id=\"38\" data-vc-public-nonce=\"fd9b3b1c6f\">\n\t\t\n\t<\/div>\n<\/div><\/div><\/div><\/div><\/div><\/div>\n<\/div>","protected":false},"excerpt":{"rendered":"","protected":false},"author":1,"featured_media":191,"parent":0,"menu_order":0,"comment_status":"closed","ping_status":"closed","template":"","meta":{"rs_blank_template":"","rs_page_bg_color":"","slide_template_v7":"","footnotes":""},"class_list":["post-38","page","type-page","status-publish","has-post-thumbnail","hentry"],"yoast_head":"<!-- This site is optimized with the Yoast SEO plugin v27.5 - https:\/\/yoast.com\/product\/yoast-seo-wordpress\/ -->\n<title>Im\u00e1genes - Todos los Tonos y Ayres<\/title>\n<meta name=\"robots\" content=\"index, follow, max-snippet:-1, max-image-preview:large, max-video-preview:-1\" \/>\n<link rel=\"canonical\" href=\"https:\/\/www.todoslostonosyayres.com\/en\/galeria\/\" \/>\n<meta name=\"twitter:card\" content=\"summary_large_image\" \/>\n<meta name=\"twitter:title\" content=\"Im\u00e1genes - Todos los Tonos y Ayres\" \/>\n<meta name=\"twitter:image\" content=\"https:\/\/www.todoslostonosyayres.com\/wp-content\/uploads\/Menu\/galeria_01_menu.jpg\" \/>\n<meta name=\"twitter:label1\" content=\"Est. reading time\" \/>\n\t<meta name=\"twitter:data1\" content=\"1 minute\" \/>\n<script type=\"application\/ld+json\" class=\"yoast-schema-graph\">{\"@context\":\"https:\\\/\\\/schema.org\",\"@graph\":[{\"@type\":\"WebPage\",\"@id\":\"https:\\\/\\\/www.todoslostonosyayres.com\\\/galeria\\\/\",\"url\":\"https:\\\/\\\/www.todoslostonosyayres.com\\\/galeria\\\/\",\"name\":\"Im\u00e1genes - Todos los Tonos y Ayres\",\"isPartOf\":{\"@id\":\"https:\\\/\\\/www.todoslostonosyayres.com\\\/#website\"},\"primaryImageOfPage\":{\"@id\":\"https:\\\/\\\/www.todoslostonosyayres.com\\\/galeria\\\/#primaryimage\"},\"image\":{\"@id\":\"https:\\\/\\\/www.todoslostonosyayres.com\\\/galeria\\\/#primaryimage\"},\"thumbnailUrl\":\"https:\\\/\\\/www.todoslostonosyayres.com\\\/wp-content\\\/uploads\\\/Menu\\\/galeria_01_menu.jpg\",\"datePublished\":\"2018-04-02T21:25:29+00:00\",\"dateModified\":\"2025-03-27T22:18:23+00:00\",\"breadcrumb\":{\"@id\":\"https:\\\/\\\/www.todoslostonosyayres.com\\\/galeria\\\/#breadcrumb\"},\"inLanguage\":\"en-US\",\"potentialAction\":[{\"@type\":\"ReadAction\",\"target\":[\"https:\\\/\\\/www.todoslostonosyayres.com\\\/galeria\\\/\"]}]},{\"@type\":\"ImageObject\",\"inLanguage\":\"en-US\",\"@id\":\"https:\\\/\\\/www.todoslostonosyayres.com\\\/galeria\\\/#primaryimage\",\"url\":\"https:\\\/\\\/www.todoslostonosyayres.com\\\/wp-content\\\/uploads\\\/Menu\\\/galeria_01_menu.jpg\",\"contentUrl\":\"https:\\\/\\\/www.todoslostonosyayres.com\\\/wp-content\\\/uploads\\\/Menu\\\/galeria_01_menu.jpg\",\"width\":1429,\"height\":2048,\"caption\":\"Fotograf\u00eda de Antonio Maldonado\"},{\"@type\":\"BreadcrumbList\",\"@id\":\"https:\\\/\\\/www.todoslostonosyayres.com\\\/galeria\\\/#breadcrumb\",\"itemListElement\":[{\"@type\":\"ListItem\",\"position\":1,\"name\":\"Inicio\",\"item\":\"https:\\\/\\\/www.todoslostonosyayres.com\\\/\"},{\"@type\":\"ListItem\",\"position\":2,\"name\":\"Im\u00e1genes\"}]},{\"@type\":\"WebSite\",\"@id\":\"https:\\\/\\\/www.todoslostonosyayres.com\\\/#website\",\"url\":\"https:\\\/\\\/www.todoslostonosyayres.com\\\/\",\"name\":\"Todos los Tonos y Ayres\",\"description\":\"Primera agrupaci\u00f3n de m\u00fasica antigua china y europea en Espa\u00f1a\",\"publisher\":{\"@id\":\"https:\\\/\\\/www.todoslostonosyayres.com\\\/#organization\"},\"potentialAction\":[{\"@type\":\"SearchAction\",\"target\":{\"@type\":\"EntryPoint\",\"urlTemplate\":\"https:\\\/\\\/www.todoslostonosyayres.com\\\/?s={search_term_string}\"},\"query-input\":{\"@type\":\"PropertyValueSpecification\",\"valueRequired\":true,\"valueName\":\"search_term_string\"}}],\"inLanguage\":\"en-US\"},{\"@type\":\"Organization\",\"@id\":\"https:\\\/\\\/www.todoslostonosyayres.com\\\/#organization\",\"name\":\"Todos los Tonos y Ayres\",\"url\":\"https:\\\/\\\/www.todoslostonosyayres.com\\\/\",\"logo\":{\"@type\":\"ImageObject\",\"inLanguage\":\"en-US\",\"@id\":\"https:\\\/\\\/www.todoslostonosyayres.com\\\/#\\\/schema\\\/logo\\\/image\\\/\",\"url\":\"https:\\\/\\\/www.todoslostonosyayres.com\\\/wp-content\\\/uploads\\\/Logos\\\/TAmedium.png\",\"contentUrl\":\"https:\\\/\\\/www.todoslostonosyayres.com\\\/wp-content\\\/uploads\\\/Logos\\\/TAmedium.png\",\"width\":100,\"height\":149,\"caption\":\"Todos los Tonos y Ayres\"},\"image\":{\"@id\":\"https:\\\/\\\/www.todoslostonosyayres.com\\\/#\\\/schema\\\/logo\\\/image\\\/\"},\"sameAs\":[\"https:\\\/\\\/www.facebook.com\\\/tonos.ayres\\\/\",\"https:\\\/\\\/www.youtube.com\\\/channel\\\/UCFx7iNEhJWGAq0xFxAnlUpQ\"]}]}<\/script>\n<!-- \/ Yoast SEO plugin. -->","yoast_head_json":{"title":"Im\u00e1genes - Todos los Tonos y Ayres","robots":{"index":"index","follow":"follow","max-snippet":"max-snippet:-1","max-image-preview":"max-image-preview:large","max-video-preview":"max-video-preview:-1"},"canonical":"https:\/\/www.todoslostonosyayres.com\/en\/galeria\/","twitter_card":"summary_large_image","twitter_title":"Im\u00e1genes - Todos los Tonos y Ayres","twitter_image":"https:\/\/www.todoslostonosyayres.com\/wp-content\/uploads\/Menu\/galeria_01_menu.jpg","twitter_misc":{"Est. reading time":"1 minute"},"schema":{"@context":"https:\/\/schema.org","@graph":[{"@type":"WebPage","@id":"https:\/\/www.todoslostonosyayres.com\/galeria\/","url":"https:\/\/www.todoslostonosyayres.com\/galeria\/","name":"Im\u00e1genes - Todos los Tonos y Ayres","isPartOf":{"@id":"https:\/\/www.todoslostonosyayres.com\/#website"},"primaryImageOfPage":{"@id":"https:\/\/www.todoslostonosyayres.com\/galeria\/#primaryimage"},"image":{"@id":"https:\/\/www.todoslostonosyayres.com\/galeria\/#primaryimage"},"thumbnailUrl":"https:\/\/www.todoslostonosyayres.com\/wp-content\/uploads\/Menu\/galeria_01_menu.jpg","datePublished":"2018-04-02T21:25:29+00:00","dateModified":"2025-03-27T22:18:23+00:00","breadcrumb":{"@id":"https:\/\/www.todoslostonosyayres.com\/galeria\/#breadcrumb"},"inLanguage":"en-US","potentialAction":[{"@type":"ReadAction","target":["https:\/\/www.todoslostonosyayres.com\/galeria\/"]}]},{"@type":"ImageObject","inLanguage":"en-US","@id":"https:\/\/www.todoslostonosyayres.com\/galeria\/#primaryimage","url":"https:\/\/www.todoslostonosyayres.com\/wp-content\/uploads\/Menu\/galeria_01_menu.jpg","contentUrl":"https:\/\/www.todoslostonosyayres.com\/wp-content\/uploads\/Menu\/galeria_01_menu.jpg","width":1429,"height":2048,"caption":"Fotograf\u00eda de Antonio Maldonado"},{"@type":"BreadcrumbList","@id":"https:\/\/www.todoslostonosyayres.com\/galeria\/#breadcrumb","itemListElement":[{"@type":"ListItem","position":1,"name":"Inicio","item":"https:\/\/www.todoslostonosyayres.com\/"},{"@type":"ListItem","position":2,"name":"Im\u00e1genes"}]},{"@type":"WebSite","@id":"https:\/\/www.todoslostonosyayres.com\/#website","url":"https:\/\/www.todoslostonosyayres.com\/","name":"Todos los Tonos y Ayres","description":"Primera agrupaci\u00f3n de m\u00fasica antigua china y europea en Espa\u00f1a","publisher":{"@id":"https:\/\/www.todoslostonosyayres.com\/#organization"},"potentialAction":[{"@type":"SearchAction","target":{"@type":"EntryPoint","urlTemplate":"https:\/\/www.todoslostonosyayres.com\/?s={search_term_string}"},"query-input":{"@type":"PropertyValueSpecification","valueRequired":true,"valueName":"search_term_string"}}],"inLanguage":"en-US"},{"@type":"Organization","@id":"https:\/\/www.todoslostonosyayres.com\/#organization","name":"Todos los Tonos y Ayres","url":"https:\/\/www.todoslostonosyayres.com\/","logo":{"@type":"ImageObject","inLanguage":"en-US","@id":"https:\/\/www.todoslostonosyayres.com\/#\/schema\/logo\/image\/","url":"https:\/\/www.todoslostonosyayres.com\/wp-content\/uploads\/Logos\/TAmedium.png","contentUrl":"https:\/\/www.todoslostonosyayres.com\/wp-content\/uploads\/Logos\/TAmedium.png","width":100,"height":149,"caption":"Todos los Tonos y Ayres"},"image":{"@id":"https:\/\/www.todoslostonosyayres.com\/#\/schema\/logo\/image\/"},"sameAs":["https:\/\/www.facebook.com\/tonos.ayres\/","https:\/\/www.youtube.com\/channel\/UCFx7iNEhJWGAq0xFxAnlUpQ"]}]}},"_links":{"self":[{"href":"https:\/\/www.todoslostonosyayres.com\/en\/wp-json\/wp\/v2\/pages\/38","targetHints":{"allow":["GET"]}}],"collection":[{"href":"https:\/\/www.todoslostonosyayres.com\/en\/wp-json\/wp\/v2\/pages"}],"about":[{"href":"https:\/\/www.todoslostonosyayres.com\/en\/wp-json\/wp\/v2\/types\/page"}],"author":[{"embeddable":true,"href":"https:\/\/www.todoslostonosyayres.com\/en\/wp-json\/wp\/v2\/users\/1"}],"replies":[{"embeddable":true,"href":"https:\/\/www.todoslostonosyayres.com\/en\/wp-json\/wp\/v2\/comments?post=38"}],"version-history":[{"count":17,"href":"https:\/\/www.todoslostonosyayres.com\/en\/wp-json\/wp\/v2\/pages\/38\/revisions"}],"predecessor-version":[{"id":2845,"href":"https:\/\/www.todoslostonosyayres.com\/en\/wp-json\/wp\/v2\/pages\/38\/revisions\/2845"}],"wp:featuredmedia":[{"embeddable":true,"href":"https:\/\/www.todoslostonosyayres.com\/en\/wp-json\/wp\/v2\/media\/191"}],"wp:attachment":[{"href":"https:\/\/www.todoslostonosyayres.com\/en\/wp-json\/wp\/v2\/media?parent=38"}],"curies":[{"name":"wp","href":"https:\/\/api.w.org\/{rel}","templated":true}]}}