{"id":7,"date":"2018-03-29T19:24:03","date_gmt":"2018-03-29T19:24:03","guid":{"rendered":"https:\/\/www.todoslostonosyayres.com\/?page_id=7"},"modified":"2026-04-03T18:25:13","modified_gmt":"2026-04-03T16:25:13","slug":"musica-antigua-china","status":"publish","type":"page","link":"https:\/\/www.todoslostonosyayres.com\/en\/","title":{"rendered":"Home"},"content":{"rendered":"<div    class=\"\" style=' text-align:left;'><div class=\"full_section_inner clearfix\"><div class=\"wpb_column vc_column_container vc_col-sm-12\"><div class=\"vc_column-inner\"><div class=\"wpb_wrapper\"><div class=\"sec-con-title\"><div class=\"section-sub-title\"><article class=\"section-title-body\"><div class=\"head-title\"><p style=\"color:; font-size:; font-weight:; line-height:;letter-spacing: ; text-transform:;margin:; padding:;\">Latest News<\/p><\/div><\/article><\/div><\/div><\/div><\/div><\/div><\/div><\/div><div    class=\"\" style=' text-align:left;'><div class=\"full_section_inner clearfix\"><div class=\"wpb_column vc_column_container vc_col-sm-12\"><div class=\"vc_column-inner\"><div class=\"wpb_wrapper\"><div class=\"sec-blog\"><div class=\"col-md-4\"><div class=\"post-blog\"><div class=\"post-image\"><a href=\"https:\/\/www.todoslostonosyayres.com\/en\/entrevista-en-total-baroque-magazine\/\" class=\"blog-link\"><\/a><img decoding=\"async\" src=\"https:\/\/www.todoslostonosyayres.com\/wp-content\/uploads\/Prensa\/ECDE_CD\/total_baroque_2026-900x800.jpg\" alt=\"\" class=\"img-responsive image\"\/><\/div><div class=\"date\"><p class=\"month\">05<br \/>May<br \/>2026<br \/><\/p><\/div><div class=\"blog-info\"><p class=\"links\"><span class=\"author\">admin<\/span> | 0 Comment | <a href=\"https:\/\/www.todoslostonosyayres.com\/en\/category\/medios\/\" rel=\"category tag\">Media<\/a>, <a href=\"https:\/\/www.todoslostonosyayres.com\/en\/category\/novedades\/\" rel=\"category tag\">News<\/a><\/p><a href=\"https:\/\/www.todoslostonosyayres.com\/en\/entrevista-en-total-baroque-magazine\/\" class=\"blog-title\">Entrevista en Total Baroque Magazine<\/a><\/div><\/div><\/div><div class=\"col-md-4\"><div class=\"post-blog\"><div class=\"post-image\"><a href=\"https:\/\/www.todoslostonosyayres.com\/en\/iv-congreso-internacional-estudios-asia-oriental\/\" class=\"blog-link\"><\/a><img decoding=\"async\" src=\"https:\/\/www.todoslostonosyayres.com\/wp-content\/uploads\/Conferencias\/2025\/iv-congreso-aeaao-2025-900x800.jpg\" alt=\"\" class=\"img-responsive image\"\/><\/div><div class=\"date\"><p class=\"month\">03<br \/>Jun<br \/>2025<br \/><\/p><\/div><div class=\"blog-info\"><p class=\"links\"><span class=\"author\">admin<\/span> | 0 Comment | <a href=\"https:\/\/www.todoslostonosyayres.com\/en\/category\/novedades\/\" rel=\"category tag\">News<\/a><\/p><a href=\"https:\/\/www.todoslostonosyayres.com\/en\/iv-congreso-internacional-estudios-asia-oriental\/\" class=\"blog-title\">IV Congreso Internacional de Estudios de Asia Oriental<\/a><\/div><\/div><\/div><div class=\"col-md-4\"><div class=\"post-blog\"><div class=\"post-image\"><a href=\"https:\/\/www.todoslostonosyayres.com\/en\/publicacion-del-libro-sobre-diego-de-pantoja\/\" class=\"blog-link\"><\/a><img decoding=\"async\" src=\"https:\/\/www.todoslostonosyayres.com\/wp-content\/uploads\/Medios\/Diego-de-Pantoja-Dykinson.jpg\" alt=\"\" class=\"img-responsive image\"\/><\/div><div class=\"date\"><p class=\"month\">23<br \/>Jan<br \/>2025<br \/><\/p><\/div><div class=\"blog-info\"><p class=\"links\"><span class=\"author\">admin<\/span> | 0 Comment | <a href=\"https:\/\/www.todoslostonosyayres.com\/en\/category\/novedades\/\" rel=\"category tag\">News<\/a><\/p><a href=\"https:\/\/www.todoslostonosyayres.com\/en\/publicacion-del-libro-sobre-diego-de-pantoja\/\" class=\"blog-title\">Nuevo libro sobre Diego de Pantoja y su legado en China<\/a><\/div><\/div><\/div><div class=\"col-md-4\"><div class=\"post-blog\"><div class=\"post-image\"><a href=\"https:\/\/www.todoslostonosyayres.com\/en\/reportaje-people-daily\/\" class=\"blog-link\"><\/a><img decoding=\"async\" src=\"https:\/\/www.todoslostonosyayres.com\/wp-content\/uploads\/Medios\/Todos_los_Tonos_y_Ayres-Photo-by-Patrick-Shead-Simmonds-2024-10-25-900x752.jpg\" alt=\"\" class=\"img-responsive image\"\/><\/div><div class=\"date\"><p class=\"month\">05<br \/>Dec<br \/>2024<br \/><\/p><\/div><div class=\"blog-info\"><p class=\"links\"><span class=\"author\">admin<\/span> | 0 Comment | <a href=\"https:\/\/www.todoslostonosyayres.com\/en\/category\/novedades\/\" rel=\"category tag\">News<\/a><\/p><a href=\"https:\/\/www.todoslostonosyayres.com\/en\/reportaje-people-daily\/\" class=\"blog-title\">Reportaje sobre Todos los Tonos y Ayres<\/a><\/div><\/div><\/div><div class=\"col-md-4\"><div class=\"post-blog\"><div class=\"post-image\"><a href=\"https:\/\/www.todoslostonosyayres.com\/en\/hija-de-la-seda-en-china\/\" class=\"blog-link\"><\/a><img decoding=\"async\" src=\"https:\/\/www.todoslostonosyayres.com\/wp-content\/uploads\/Programas\/Portada_Hija_de_la_seda-900x768.jpg\" alt=\"\" class=\"img-responsive image\"\/><\/div><div class=\"date\"><p class=\"month\">27<br \/>Aug<br \/>2024<br \/><\/p><\/div><div class=\"blog-info\"><p class=\"links\"><span class=\"author\">admin<\/span> | 0 Comment | <a href=\"https:\/\/www.todoslostonosyayres.com\/en\/category\/novedades\/\" rel=\"category tag\">News<\/a><\/p><a href=\"https:\/\/www.todoslostonosyayres.com\/en\/hija-de-la-seda-en-china\/\" class=\"blog-title\">Hija de la Seda en China<\/a><\/div><\/div><\/div><div class=\"col-md-4\"><div class=\"post-blog\"><div class=\"post-image\"><a href=\"https:\/\/www.todoslostonosyayres.com\/en\/medieval-and-renaissance-music-conference-medren-2024\/\" class=\"blog-link\"><\/a><img decoding=\"async\" src=\"https:\/\/www.todoslostonosyayres.com\/wp-content\/uploads\/Conferencias\/2024\/MedRen-Granada-2024-logo-900x800.jpg\" alt=\"\" class=\"img-responsive image\"\/><\/div><div class=\"date\"><p class=\"month\">25<br \/>Jun<br \/>2024<br \/><\/p><\/div><div class=\"blog-info\"><p class=\"links\"><span class=\"author\">admin<\/span> | 0 Comment | <a href=\"https:\/\/www.todoslostonosyayres.com\/en\/category\/novedades\/\" rel=\"category tag\">News<\/a><\/p><a href=\"https:\/\/www.todoslostonosyayres.com\/en\/medieval-and-renaissance-music-conference-medren-2024\/\" class=\"blog-title\">Medieval and Renaissance Music Conference MedRen 2024<\/a><\/div><\/div><\/div><div class=\"col-md-4\"><div class=\"post-blog\"><div class=\"post-image\"><a href=\"https:\/\/www.todoslostonosyayres.com\/en\/articulo-de-investigacion-el-metodo-de-diego-pantoja\/\" class=\"blog-link\"><\/a><img decoding=\"async\" src=\"https:\/\/www.todoslostonosyayres.com\/wp-content\/uploads\/Medios\/Araucaria-2024.jpg\" alt=\"\" class=\"img-responsive image\"\/><\/div><div class=\"date\"><p class=\"month\">06<br \/>Jun<br \/>2024<br \/><\/p><\/div><div class=\"blog-info\"><p class=\"links\"><span class=\"author\">admin<\/span> | 0 Comment | <a href=\"https:\/\/www.todoslostonosyayres.com\/en\/category\/novedades\/\" rel=\"category tag\">News<\/a><\/p><a href=\"https:\/\/www.todoslostonosyayres.com\/en\/articulo-de-investigacion-el-metodo-de-diego-pantoja\/\" class=\"blog-title\">Art\u00edculo de investigaci\u00f3n: el m\u00e9todo de Diego Pantoja<\/a><\/div><\/div><\/div><div class=\"col-md-4\"><div class=\"post-blog\"><div class=\"post-image\"><a href=\"https:\/\/www.todoslostonosyayres.com\/en\/colaboracion-con-el-virtuoso-fang-jinlong\/\" class=\"blog-link\"><\/a><img decoding=\"async\" src=\"https:\/\/www.todoslostonosyayres.com\/wp-content\/uploads\/Galeria\/Fang_Jinlong\/TyA_Fang_Jinlong_2023-11-04_09_cut_TyA_LR-900x800.jpg\" alt=\"\" class=\"img-responsive image\"\/><\/div><div class=\"date\"><p class=\"month\">04<br \/>Dec<br \/>2023<br \/><\/p><\/div><div class=\"blog-info\"><p class=\"links\"><span class=\"author\">admin<\/span> | 0 Comment | <a href=\"https:\/\/www.todoslostonosyayres.com\/en\/category\/novedades\/\" rel=\"category tag\">News<\/a><\/p><a href=\"https:\/\/www.todoslostonosyayres.com\/en\/colaboracion-con-el-virtuoso-fang-jinlong\/\" class=\"blog-title\">Collaboration with virtuoso Fang Jinlong<\/a><\/div><\/div><\/div><div class=\"col-md-4\"><div class=\"post-blog\"><div class=\"post-image\"><a href=\"https:\/\/www.todoslostonosyayres.com\/en\/100-horas-astronomia-iau\/\" class=\"blog-link\"><\/a><img decoding=\"async\" src=\"https:\/\/www.todoslostonosyayres.com\/wp-content\/uploads\/Prensa\/2023\/100-Hours-of-Astronomy-2023-Todos-los-Tonos-y-Ayres-900x800.jpg\" alt=\"\" class=\"img-responsive image\"\/><\/div><div class=\"date\"><p class=\"month\">29<br \/>Oct<br \/>2023<br \/><\/p><\/div><div class=\"blog-info\"><p class=\"links\"><span class=\"author\">admin<\/span> | 0 Comment | <a href=\"https:\/\/www.todoslostonosyayres.com\/en\/category\/novedades\/\" rel=\"category tag\">News<\/a><\/p><a href=\"https:\/\/www.todoslostonosyayres.com\/en\/100-horas-astronomia-iau\/\" class=\"blog-title\">100 horas de Astronom\u00eda de la IAU<\/a><\/div><\/div><\/div><\/div><\/div><\/div><\/div><\/div><\/div><div    class=\"\" style=' text-align:left;'><div class=\"full_section_inner clearfix\"><div class=\"wpb_column vc_column_container vc_col-sm-12\"><div class=\"vc_column-inner\"><div class=\"wpb_wrapper\"><\/div><\/div><\/div><\/div><\/div><div    class=\"\" style=' text-align:left;'><div class=\"full_section_inner clearfix\"><div class=\"wpb_column vc_column_container vc_col-sm-4\"><div class=\"vc_column-inner\"><div class=\"wpb_wrapper\"><\/div><\/div><\/div><div class=\"wpb_column vc_column_container vc_col-sm-4\"><div class=\"vc_column-inner\"><div class=\"wpb_wrapper\"><div class=\"sec-button  float-center\"><a class=\"sec-btn btn-default active\" href=\"https:\/\/www.todoslostonosyayres.com\/en\/medios\/\" target=\"_self\" style=\"margin:;padding:; background:; color:; border:; border-radius:; font-size:18; font-weight:600; text-transform:;\">Check more news<\/a><\/div><\/div><\/div><\/div><div class=\"wpb_column vc_column_container vc_col-sm-4\"><div class=\"vc_column-inner\"><div class=\"wpb_wrapper\"><\/div><\/div><\/div><\/div><\/div>","protected":false},"excerpt":{"rendered":"<p>ha recibido el agradecimiento de la Uni\u00f3n Astron\u00f3mica Internacional (International Astronomical Union, IAU) por su\u00a0 participaci\u00f3n en el evento mundial 100 Horas de Astronom\u00eda organizada durante los d\u00edas 1-4 de octubre de 2023, con la emisi\u00f3n de nuestro programa El silencio de la luna. &nbsp; &nbsp;<\/p>","protected":false},"author":1,"featured_media":666,"parent":0,"menu_order":0,"comment_status":"closed","ping_status":"closed","template":"","meta":{"rs_blank_template":"","rs_page_bg_color":"","slide_template_v7":"","footnotes":""},"class_list":["post-7","page","type-page","status-publish","has-post-thumbnail","hentry"],"yoast_head":"<!-- This site is optimized with the Yoast SEO plugin v27.5 - https:\/\/yoast.com\/product\/yoast-seo-wordpress\/ -->\n<title>M\u00fasica antigua china y europea - Todos los Tonos y Ayres<\/title>\n<meta name=\"description\" content=\"Primera agrupaci\u00f3n espa\u00f1ola especializada en la investigaci\u00f3n e interpretaci\u00f3n de la m\u00fasica antigua china y las relaciones musicales entre China y Occidente\" \/>\n<meta name=\"robots\" content=\"index, follow, max-snippet:-1, max-image-preview:large, max-video-preview:-1\" \/>\n<link rel=\"canonical\" href=\"https:\/\/www.todoslostonosyayres.com\/en\/\" \/>\n<meta name=\"twitter:card\" content=\"summary_large_image\" \/>\n<meta name=\"twitter:title\" content=\"M\u00fasica antigua china y europea - Todos los Tonos y Ayres\" \/>\n<meta name=\"twitter:description\" content=\"Primera agrupaci\u00f3n espa\u00f1ola especializada en la investigaci\u00f3n e interpretaci\u00f3n de la m\u00fasica antigua china y las relaciones musicales entre China y Occidente\" \/>\n<meta name=\"twitter:image\" content=\"https:\/\/www.todoslostonosyayres.com\/wp-content\/uploads\/Menu\/Todos_los_Tonos_y_Ayres_thumbnail_Home.jpg\" \/>\n<meta name=\"twitter:label1\" content=\"Est. reading time\" \/>\n\t<meta name=\"twitter:data1\" content=\"1 minute\" \/>\n<script type=\"application\/ld+json\" class=\"yoast-schema-graph\">{\"@context\":\"https:\\\/\\\/schema.org\",\"@graph\":[{\"@type\":\"WebPage\",\"@id\":\"https:\\\/\\\/www.todoslostonosyayres.com\\\/\",\"url\":\"https:\\\/\\\/www.todoslostonosyayres.com\\\/\",\"name\":\"M\u00fasica antigua china y europea - Todos los Tonos y Ayres\",\"isPartOf\":{\"@id\":\"https:\\\/\\\/www.todoslostonosyayres.com\\\/#website\"},\"primaryImageOfPage\":{\"@id\":\"https:\\\/\\\/www.todoslostonosyayres.com\\\/#primaryimage\"},\"image\":{\"@id\":\"https:\\\/\\\/www.todoslostonosyayres.com\\\/#primaryimage\"},\"thumbnailUrl\":\"https:\\\/\\\/www.todoslostonosyayres.com\\\/wp-content\\\/uploads\\\/Menu\\\/Todos_los_Tonos_y_Ayres_thumbnail_Home.jpg\",\"datePublished\":\"2018-03-29T19:24:03+00:00\",\"dateModified\":\"2026-04-03T16:25:13+00:00\",\"description\":\"Primera agrupaci\u00f3n espa\u00f1ola especializada en la investigaci\u00f3n e interpretaci\u00f3n de la m\u00fasica antigua china y las relaciones musicales entre China y Occidente\",\"breadcrumb\":{\"@id\":\"https:\\\/\\\/www.todoslostonosyayres.com\\\/#breadcrumb\"},\"inLanguage\":\"en-US\",\"potentialAction\":[{\"@type\":\"ReadAction\",\"target\":[\"https:\\\/\\\/www.todoslostonosyayres.com\\\/\"]}]},{\"@type\":\"ImageObject\",\"inLanguage\":\"en-US\",\"@id\":\"https:\\\/\\\/www.todoslostonosyayres.com\\\/#primaryimage\",\"url\":\"https:\\\/\\\/www.todoslostonosyayres.com\\\/wp-content\\\/uploads\\\/Menu\\\/Todos_los_Tonos_y_Ayres_thumbnail_Home.jpg\",\"contentUrl\":\"https:\\\/\\\/www.todoslostonosyayres.com\\\/wp-content\\\/uploads\\\/Menu\\\/Todos_los_Tonos_y_Ayres_thumbnail_Home.jpg\",\"width\":1380,\"height\":1347},{\"@type\":\"BreadcrumbList\",\"@id\":\"https:\\\/\\\/www.todoslostonosyayres.com\\\/#breadcrumb\",\"itemListElement\":[{\"@type\":\"ListItem\",\"position\":1,\"name\":\"Inicio\",\"item\":\"https:\\\/\\\/www.todoslostonosyayres.com\\\/\"},{\"@type\":\"ListItem\",\"position\":2,\"name\":\"Inicio\"}]},{\"@type\":\"WebSite\",\"@id\":\"https:\\\/\\\/www.todoslostonosyayres.com\\\/#website\",\"url\":\"https:\\\/\\\/www.todoslostonosyayres.com\\\/\",\"name\":\"Todos los Tonos y Ayres\",\"description\":\"Primera agrupaci\u00f3n de m\u00fasica antigua china y europea en Espa\u00f1a\",\"publisher\":{\"@id\":\"https:\\\/\\\/www.todoslostonosyayres.com\\\/#organization\"},\"potentialAction\":[{\"@type\":\"SearchAction\",\"target\":{\"@type\":\"EntryPoint\",\"urlTemplate\":\"https:\\\/\\\/www.todoslostonosyayres.com\\\/?s={search_term_string}\"},\"query-input\":{\"@type\":\"PropertyValueSpecification\",\"valueRequired\":true,\"valueName\":\"search_term_string\"}}],\"inLanguage\":\"en-US\"},{\"@type\":\"Organization\",\"@id\":\"https:\\\/\\\/www.todoslostonosyayres.com\\\/#organization\",\"name\":\"Todos los Tonos y Ayres\",\"url\":\"https:\\\/\\\/www.todoslostonosyayres.com\\\/\",\"logo\":{\"@type\":\"ImageObject\",\"inLanguage\":\"en-US\",\"@id\":\"https:\\\/\\\/www.todoslostonosyayres.com\\\/#\\\/schema\\\/logo\\\/image\\\/\",\"url\":\"https:\\\/\\\/www.todoslostonosyayres.com\\\/wp-content\\\/uploads\\\/Logos\\\/TAmedium.png\",\"contentUrl\":\"https:\\\/\\\/www.todoslostonosyayres.com\\\/wp-content\\\/uploads\\\/Logos\\\/TAmedium.png\",\"width\":100,\"height\":149,\"caption\":\"Todos los Tonos y Ayres\"},\"image\":{\"@id\":\"https:\\\/\\\/www.todoslostonosyayres.com\\\/#\\\/schema\\\/logo\\\/image\\\/\"},\"sameAs\":[\"https:\\\/\\\/www.facebook.com\\\/tonos.ayres\\\/\",\"https:\\\/\\\/www.youtube.com\\\/channel\\\/UCFx7iNEhJWGAq0xFxAnlUpQ\"]}]}<\/script>\n<!-- \/ Yoast SEO plugin. -->","yoast_head_json":{"title":"M\u00fasica antigua china y europea - Todos los Tonos y Ayres","description":"Primera agrupaci\u00f3n espa\u00f1ola especializada en la investigaci\u00f3n e interpretaci\u00f3n de la m\u00fasica antigua china y las relaciones musicales entre China y Occidente","robots":{"index":"index","follow":"follow","max-snippet":"max-snippet:-1","max-image-preview":"max-image-preview:large","max-video-preview":"max-video-preview:-1"},"canonical":"https:\/\/www.todoslostonosyayres.com\/en\/","twitter_card":"summary_large_image","twitter_title":"M\u00fasica antigua china y europea - Todos los Tonos y Ayres","twitter_description":"Primera agrupaci\u00f3n espa\u00f1ola especializada en la investigaci\u00f3n e interpretaci\u00f3n de la m\u00fasica antigua china y las relaciones musicales entre China y Occidente","twitter_image":"https:\/\/www.todoslostonosyayres.com\/wp-content\/uploads\/Menu\/Todos_los_Tonos_y_Ayres_thumbnail_Home.jpg","twitter_misc":{"Est. reading time":"1 minute"},"schema":{"@context":"https:\/\/schema.org","@graph":[{"@type":"WebPage","@id":"https:\/\/www.todoslostonosyayres.com\/","url":"https:\/\/www.todoslostonosyayres.com\/","name":"M\u00fasica antigua china y europea - Todos los Tonos y Ayres","isPartOf":{"@id":"https:\/\/www.todoslostonosyayres.com\/#website"},"primaryImageOfPage":{"@id":"https:\/\/www.todoslostonosyayres.com\/#primaryimage"},"image":{"@id":"https:\/\/www.todoslostonosyayres.com\/#primaryimage"},"thumbnailUrl":"https:\/\/www.todoslostonosyayres.com\/wp-content\/uploads\/Menu\/Todos_los_Tonos_y_Ayres_thumbnail_Home.jpg","datePublished":"2018-03-29T19:24:03+00:00","dateModified":"2026-04-03T16:25:13+00:00","description":"Primera agrupaci\u00f3n espa\u00f1ola especializada en la investigaci\u00f3n e interpretaci\u00f3n de la m\u00fasica antigua china y las relaciones musicales entre China y Occidente","breadcrumb":{"@id":"https:\/\/www.todoslostonosyayres.com\/#breadcrumb"},"inLanguage":"en-US","potentialAction":[{"@type":"ReadAction","target":["https:\/\/www.todoslostonosyayres.com\/"]}]},{"@type":"ImageObject","inLanguage":"en-US","@id":"https:\/\/www.todoslostonosyayres.com\/#primaryimage","url":"https:\/\/www.todoslostonosyayres.com\/wp-content\/uploads\/Menu\/Todos_los_Tonos_y_Ayres_thumbnail_Home.jpg","contentUrl":"https:\/\/www.todoslostonosyayres.com\/wp-content\/uploads\/Menu\/Todos_los_Tonos_y_Ayres_thumbnail_Home.jpg","width":1380,"height":1347},{"@type":"BreadcrumbList","@id":"https:\/\/www.todoslostonosyayres.com\/#breadcrumb","itemListElement":[{"@type":"ListItem","position":1,"name":"Inicio","item":"https:\/\/www.todoslostonosyayres.com\/"},{"@type":"ListItem","position":2,"name":"Inicio"}]},{"@type":"WebSite","@id":"https:\/\/www.todoslostonosyayres.com\/#website","url":"https:\/\/www.todoslostonosyayres.com\/","name":"Todos los Tonos y Ayres","description":"Primera agrupaci\u00f3n de m\u00fasica antigua china y europea en Espa\u00f1a","publisher":{"@id":"https:\/\/www.todoslostonosyayres.com\/#organization"},"potentialAction":[{"@type":"SearchAction","target":{"@type":"EntryPoint","urlTemplate":"https:\/\/www.todoslostonosyayres.com\/?s={search_term_string}"},"query-input":{"@type":"PropertyValueSpecification","valueRequired":true,"valueName":"search_term_string"}}],"inLanguage":"en-US"},{"@type":"Organization","@id":"https:\/\/www.todoslostonosyayres.com\/#organization","name":"Todos los Tonos y Ayres","url":"https:\/\/www.todoslostonosyayres.com\/","logo":{"@type":"ImageObject","inLanguage":"en-US","@id":"https:\/\/www.todoslostonosyayres.com\/#\/schema\/logo\/image\/","url":"https:\/\/www.todoslostonosyayres.com\/wp-content\/uploads\/Logos\/TAmedium.png","contentUrl":"https:\/\/www.todoslostonosyayres.com\/wp-content\/uploads\/Logos\/TAmedium.png","width":100,"height":149,"caption":"Todos los Tonos y Ayres"},"image":{"@id":"https:\/\/www.todoslostonosyayres.com\/#\/schema\/logo\/image\/"},"sameAs":["https:\/\/www.facebook.com\/tonos.ayres\/","https:\/\/www.youtube.com\/channel\/UCFx7iNEhJWGAq0xFxAnlUpQ"]}]}},"_links":{"self":[{"href":"https:\/\/www.todoslostonosyayres.com\/en\/wp-json\/wp\/v2\/pages\/7","targetHints":{"allow":["GET"]}}],"collection":[{"href":"https:\/\/www.todoslostonosyayres.com\/en\/wp-json\/wp\/v2\/pages"}],"about":[{"href":"https:\/\/www.todoslostonosyayres.com\/en\/wp-json\/wp\/v2\/types\/page"}],"author":[{"embeddable":true,"href":"https:\/\/www.todoslostonosyayres.com\/en\/wp-json\/wp\/v2\/users\/1"}],"replies":[{"embeddable":true,"href":"https:\/\/www.todoslostonosyayres.com\/en\/wp-json\/wp\/v2\/comments?post=7"}],"version-history":[{"count":44,"href":"https:\/\/www.todoslostonosyayres.com\/en\/wp-json\/wp\/v2\/pages\/7\/revisions"}],"predecessor-version":[{"id":1805,"href":"https:\/\/www.todoslostonosyayres.com\/en\/wp-json\/wp\/v2\/pages\/7\/revisions\/1805"}],"wp:featuredmedia":[{"embeddable":true,"href":"https:\/\/www.todoslostonosyayres.com\/en\/wp-json\/wp\/v2\/media\/666"}],"wp:attachment":[{"href":"https:\/\/www.todoslostonosyayres.com\/en\/wp-json\/wp\/v2\/media?parent=7"}],"curies":[{"name":"wp","href":"https:\/\/api.w.org\/{rel}","templated":true}]}}