{"id":721,"date":"2018-05-10T00:32:29","date_gmt":"2018-05-09T22:32:29","guid":{"rendered":"https:\/\/www.todoslostonosyayres.com\/?page_id=721"},"modified":"2019-03-24T11:23:00","modified_gmt":"2019-03-24T10:23:00","slug":"novedades","status":"publish","type":"page","link":"https:\/\/www.todoslostonosyayres.com\/en\/novedades\/","title":{"rendered":"News"},"content":{"rendered":"<div    class=\"\" style=' text-align:left;'><div class=\"full_section_inner clearfix\"><div class=\"wpb_column vc_column_container vc_col-sm-12\"><div class=\"vc_column-inner\"><div class=\"wpb_wrapper\"><div class=\"sec-blog\"><div class=\"col-md-4\"><div class=\"post-blog\"><div class=\"post-image\"><a href=\"https:\/\/www.todoslostonosyayres.com\/en\/iv-congreso-internacional-estudios-asia-oriental\/\" class=\"blog-link\"><\/a><img decoding=\"async\" src=\"https:\/\/www.todoslostonosyayres.com\/wp-content\/uploads\/Conferencias\/2025\/iv-congreso-aeaao-2025-900x800.jpg\" alt=\"\" class=\"img-responsive image\"\/><\/div><div class=\"date\"><p class=\"month\">03<br \/>Jun<br \/>2025<br \/><\/p><\/div><div class=\"blog-info\"><p class=\"links\"><span class=\"author\">admin<\/span> | 0 Comment | <a href=\"https:\/\/www.todoslostonosyayres.com\/en\/category\/novedades\/\" rel=\"category tag\">News<\/a><\/p><a href=\"https:\/\/www.todoslostonosyayres.com\/en\/iv-congreso-internacional-estudios-asia-oriental\/\" class=\"blog-title\">IV Congreso Internacional de Estudios de Asia Oriental<\/a><\/div><\/div><\/div><div class=\"col-md-4\"><div class=\"post-blog\"><div class=\"post-image\"><a href=\"https:\/\/www.todoslostonosyayres.com\/en\/publicacion-del-libro-sobre-diego-de-pantoja\/\" class=\"blog-link\"><\/a><img decoding=\"async\" src=\"https:\/\/www.todoslostonosyayres.com\/wp-content\/uploads\/Medios\/Diego-de-Pantoja-Dykinson.jpg\" alt=\"\" class=\"img-responsive image\"\/><\/div><div class=\"date\"><p class=\"month\">23<br \/>Jan<br \/>2025<br \/><\/p><\/div><div class=\"blog-info\"><p class=\"links\"><span class=\"author\">admin<\/span> | 0 Comment | <a href=\"https:\/\/www.todoslostonosyayres.com\/en\/category\/novedades\/\" rel=\"category tag\">News<\/a><\/p><a href=\"https:\/\/www.todoslostonosyayres.com\/en\/publicacion-del-libro-sobre-diego-de-pantoja\/\" class=\"blog-title\">Nuevo libro sobre Diego de Pantoja y su legado en China<\/a><\/div><\/div><\/div><div class=\"col-md-4\"><div class=\"post-blog\"><div class=\"post-image\"><a href=\"https:\/\/www.todoslostonosyayres.com\/en\/reportaje-people-daily\/\" class=\"blog-link\"><\/a><img decoding=\"async\" src=\"https:\/\/www.todoslostonosyayres.com\/wp-content\/uploads\/Medios\/Todos_los_Tonos_y_Ayres-Photo-by-Patrick-Shead-Simmonds-2024-10-25-900x752.jpg\" alt=\"\" class=\"img-responsive image\"\/><\/div><div class=\"date\"><p class=\"month\">05<br \/>Dec<br \/>2024<br \/><\/p><\/div><div class=\"blog-info\"><p class=\"links\"><span class=\"author\">admin<\/span> | 0 Comment | <a href=\"https:\/\/www.todoslostonosyayres.com\/en\/category\/novedades\/\" rel=\"category tag\">News<\/a><\/p><a href=\"https:\/\/www.todoslostonosyayres.com\/en\/reportaje-people-daily\/\" class=\"blog-title\">Reportaje sobre Todos los Tonos y Ayres<\/a><\/div><\/div><\/div><div class=\"col-md-4\"><div class=\"post-blog\"><div class=\"post-image\"><a href=\"https:\/\/www.todoslostonosyayres.com\/en\/hija-de-la-seda-en-china\/\" class=\"blog-link\"><\/a><img decoding=\"async\" src=\"https:\/\/www.todoslostonosyayres.com\/wp-content\/uploads\/Programas\/Portada_Hija_de_la_seda-900x768.jpg\" alt=\"\" class=\"img-responsive image\"\/><\/div><div class=\"date\"><p class=\"month\">27<br \/>Aug<br \/>2024<br \/><\/p><\/div><div class=\"blog-info\"><p class=\"links\"><span class=\"author\">admin<\/span> | 0 Comment | <a href=\"https:\/\/www.todoslostonosyayres.com\/en\/category\/novedades\/\" rel=\"category tag\">News<\/a><\/p><a href=\"https:\/\/www.todoslostonosyayres.com\/en\/hija-de-la-seda-en-china\/\" class=\"blog-title\">Hija de la Seda en China<\/a><\/div><\/div><\/div><div class=\"col-md-4\"><div class=\"post-blog\"><div class=\"post-image\"><a href=\"https:\/\/www.todoslostonosyayres.com\/en\/medieval-and-renaissance-music-conference-medren-2024\/\" class=\"blog-link\"><\/a><img decoding=\"async\" src=\"https:\/\/www.todoslostonosyayres.com\/wp-content\/uploads\/Conferencias\/2024\/MedRen-Granada-2024-logo-900x800.jpg\" alt=\"\" class=\"img-responsive image\"\/><\/div><div class=\"date\"><p class=\"month\">25<br \/>Jun<br \/>2024<br \/><\/p><\/div><div class=\"blog-info\"><p class=\"links\"><span class=\"author\">admin<\/span> | 0 Comment | <a href=\"https:\/\/www.todoslostonosyayres.com\/en\/category\/novedades\/\" rel=\"category tag\">News<\/a><\/p><a href=\"https:\/\/www.todoslostonosyayres.com\/en\/medieval-and-renaissance-music-conference-medren-2024\/\" class=\"blog-title\">Medieval and Renaissance Music Conference MedRen 2024<\/a><\/div><\/div><\/div><div class=\"col-md-4\"><div class=\"post-blog\"><div class=\"post-image\"><a href=\"https:\/\/www.todoslostonosyayres.com\/en\/articulo-de-investigacion-el-metodo-de-diego-pantoja\/\" class=\"blog-link\"><\/a><img decoding=\"async\" src=\"https:\/\/www.todoslostonosyayres.com\/wp-content\/uploads\/Medios\/Araucaria-2024.jpg\" alt=\"\" class=\"img-responsive image\"\/><\/div><div class=\"date\"><p class=\"month\">06<br \/>Jun<br \/>2024<br \/><\/p><\/div><div class=\"blog-info\"><p class=\"links\"><span class=\"author\">admin<\/span> | 0 Comment | <a href=\"https:\/\/www.todoslostonosyayres.com\/en\/category\/novedades\/\" rel=\"category tag\">News<\/a><\/p><a href=\"https:\/\/www.todoslostonosyayres.com\/en\/articulo-de-investigacion-el-metodo-de-diego-pantoja\/\" class=\"blog-title\">Art\u00edculo de investigaci\u00f3n: el m\u00e9todo de Diego Pantoja<\/a><\/div><\/div><\/div><div class=\"col-md-4\"><div class=\"post-blog\"><div class=\"post-image\"><a href=\"https:\/\/www.todoslostonosyayres.com\/en\/colaboracion-con-el-virtuoso-fang-jinlong\/\" class=\"blog-link\"><\/a><img decoding=\"async\" src=\"https:\/\/www.todoslostonosyayres.com\/wp-content\/uploads\/Galeria\/Fang_Jinlong\/TyA_Fang_Jinlong_2023-11-04_09_cut_TyA_LR-900x800.jpg\" alt=\"\" class=\"img-responsive image\"\/><\/div><div class=\"date\"><p class=\"month\">04<br \/>Dec<br \/>2023<br \/><\/p><\/div><div class=\"blog-info\"><p class=\"links\"><span class=\"author\">admin<\/span> | 0 Comment | <a href=\"https:\/\/www.todoslostonosyayres.com\/en\/category\/novedades\/\" rel=\"category tag\">News<\/a><\/p><a href=\"https:\/\/www.todoslostonosyayres.com\/en\/colaboracion-con-el-virtuoso-fang-jinlong\/\" class=\"blog-title\">Collaboration with virtuoso Fang Jinlong<\/a><\/div><\/div><\/div><div class=\"col-md-4\"><div class=\"post-blog\"><div class=\"post-image\"><a href=\"https:\/\/www.todoslostonosyayres.com\/en\/100-horas-astronomia-iau\/\" class=\"blog-link\"><\/a><img decoding=\"async\" src=\"https:\/\/www.todoslostonosyayres.com\/wp-content\/uploads\/Prensa\/2023\/100-Hours-of-Astronomy-2023-Todos-los-Tonos-y-Ayres-900x800.jpg\" alt=\"\" class=\"img-responsive image\"\/><\/div><div class=\"date\"><p class=\"month\">29<br \/>Oct<br \/>2023<br \/><\/p><\/div><div class=\"blog-info\"><p class=\"links\"><span class=\"author\">admin<\/span> | 0 Comment | <a href=\"https:\/\/www.todoslostonosyayres.com\/en\/category\/novedades\/\" rel=\"category tag\">News<\/a><\/p><a href=\"https:\/\/www.todoslostonosyayres.com\/en\/100-horas-astronomia-iau\/\" class=\"blog-title\">100 horas de Astronom\u00eda de la IAU<\/a><\/div><\/div><\/div><div class=\"col-md-4\"><div class=\"post-blog\"><div class=\"post-image\"><a href=\"https:\/\/www.todoslostonosyayres.com\/en\/v-congreso-internacional-medyren-zamora\/\" class=\"blog-link\"><\/a><img decoding=\"async\" src=\"https:\/\/www.todoslostonosyayres.com\/wp-content\/uploads\/2023\/03\/Programa-MEDyREN-Zamora-2023-900x800.jpg\" alt=\"\" class=\"img-responsive image\"\/><\/div><div class=\"date\"><p class=\"month\">24<br \/>Apr<br \/>2023<br \/><\/p><\/div><div class=\"blog-info\"><p class=\"links\"><span class=\"author\">admin<\/span> | 0 Comment | <a href=\"https:\/\/www.todoslostonosyayres.com\/en\/category\/novedades\/\" rel=\"category tag\">News<\/a><\/p><a href=\"https:\/\/www.todoslostonosyayres.com\/en\/v-congreso-internacional-medyren-zamora\/\" class=\"blog-title\">V Congreso Internacional de Musicolog\u00eda MEDyREN<\/a><\/div><\/div><\/div><div class=\"col-md-4\"><div class=\"post-blog\"><div class=\"post-image\"><a href=\"https:\/\/www.todoslostonosyayres.com\/en\/presentacion-del-cd-el-clave-del-emperador-en-la-sgae\/\" class=\"blog-link\"><\/a><img decoding=\"async\" src=\"https:\/\/www.todoslostonosyayres.com\/wp-content\/uploads\/Prensa\/ECDE_CD\/Presentacion-ECDE-SGAE-01-900x640.jpg\" alt=\"\" class=\"img-responsive image\"\/><\/div><div class=\"date\"><p class=\"month\">17<br \/>Feb<br \/>2022<br \/><\/p><\/div><div class=\"blog-info\"><p class=\"links\"><span class=\"author\">admin<\/span> | 0 Comment | <a href=\"https:\/\/www.todoslostonosyayres.com\/en\/category\/novedades\/\" rel=\"category tag\">News<\/a><\/p><a href=\"https:\/\/www.todoslostonosyayres.com\/en\/presentacion-del-cd-el-clave-del-emperador-en-la-sgae\/\" class=\"blog-title\">Presentaci\u00f3n del CD &#8220;El clave del Emperador&#8221; en la SGAE<\/a><\/div><\/div><\/div><div class=\"col-md-4\"><div class=\"post-blog\"><div class=\"post-image\"><a href=\"https:\/\/www.todoslostonosyayres.com\/en\/lanzamiento-cd-el-clave-del-emperador-bajo-ibs-classical\/\" class=\"blog-link\"><\/a><img decoding=\"async\" src=\"https:\/\/www.todoslostonosyayres.com\/wp-content\/uploads\/Discografia\/emperor-harpsichord\/Emperor-harpsichord-Diego-de-pantoja-legacy-cover-900x800.jpg\" alt=\"\" class=\"img-responsive image\"\/><\/div><div class=\"date\"><p class=\"month\">16<br \/>Oct<br \/>2021<br \/><\/p><\/div><div class=\"blog-info\"><p class=\"links\"><span class=\"author\">admin<\/span> | 0 Comment | <a href=\"https:\/\/www.todoslostonosyayres.com\/en\/category\/novedades\/\" rel=\"category tag\">News<\/a><\/p><a href=\"https:\/\/www.todoslostonosyayres.com\/en\/lanzamiento-cd-el-clave-del-emperador-bajo-ibs-classical\/\" class=\"blog-title\">\"The Emperor's Harpsichord\" IBS Classical CD release<\/a><\/div><\/div><\/div><div class=\"col-md-4\"><div class=\"post-blog\"><div class=\"post-image\"><a href=\"https:\/\/www.todoslostonosyayres.com\/en\/documental-grabacion-el-clave-del-emperador\/\" class=\"blog-link\"><\/a><img decoding=\"async\" src=\"https:\/\/www.todoslostonosyayres.com\/wp-content\/uploads\/2021\/04\/Foto-15-2-21-11-13-14-1-900x800.jpg\" alt=\"\" class=\"img-responsive image\"\/><\/div><div class=\"date\"><p class=\"month\">16<br \/>Feb<br \/>2021<br \/><\/p><\/div><div class=\"blog-info\"><p class=\"links\"><span class=\"author\">admin<\/span> | 0 Comment | <a href=\"https:\/\/www.todoslostonosyayres.com\/en\/category\/novedades\/\" rel=\"category tag\">News<\/a><\/p><a href=\"https:\/\/www.todoslostonosyayres.com\/en\/documental-grabacion-el-clave-del-emperador\/\" class=\"blog-title\">Documentary of the recording of \"The Emperor's Harpsichord\"<\/a><\/div><\/div><\/div><div class=\"col-md-4\"><div class=\"post-blog\"><div class=\"post-image\"><a href=\"https:\/\/www.todoslostonosyayres.com\/en\/grabacion-el-clave-del-emperador-ibs\/\" class=\"blog-link\"><\/a><img decoding=\"async\" src=\"https:\/\/www.todoslostonosyayres.com\/wp-content\/uploads\/2021\/02\/Grabacion_2020-01-09_ECDE_255_LR-1-scaled.jpg\" alt=\"\" class=\"img-responsive image\"\/><\/div><div class=\"date\"><p class=\"month\">15<br \/>Jan<br \/>2021<br \/><\/p><\/div><div class=\"blog-info\"><p class=\"links\"><span class=\"author\">admin<\/span> | 0 Comment | <a href=\"https:\/\/www.todoslostonosyayres.com\/en\/category\/novedades\/\" rel=\"category tag\">News<\/a><\/p><a href=\"https:\/\/www.todoslostonosyayres.com\/en\/grabacion-el-clave-del-emperador-ibs\/\" class=\"blog-title\">Recording sessions of \"The Emperor's Harpsichord\" with IBS Classical label<\/a><\/div><\/div><\/div><div class=\"col-md-4\"><div class=\"post-blog\"><div class=\"post-image\"><a href=\"https:\/\/www.todoslostonosyayres.com\/en\/participacion-en-el-documental-espana-la-primera-globalizacion\/\" class=\"blog-link\"><\/a><img decoding=\"async\" src=\"https:\/\/www.todoslostonosyayres.com\/wp-content\/uploads\/2020\/12\/La_primera_globalizacion_2020-12-08_Jaime_Cinca-900x800.jpg\" alt=\"\" class=\"img-responsive image\"\/><\/div><div class=\"date\"><p class=\"month\">09<br \/>Dec<br \/>2020<br \/><\/p><\/div><div class=\"blog-info\"><p class=\"links\"><span class=\"author\">admin<\/span> | 0 Comment | <a href=\"https:\/\/www.todoslostonosyayres.com\/en\/category\/novedades\/\" rel=\"category tag\">News<\/a><\/p><a href=\"https:\/\/www.todoslostonosyayres.com\/en\/participacion-en-el-documental-espana-la-primera-globalizacion\/\" class=\"blog-title\">Participation in the documentary \"Spain, the first globalization<\/a><\/div><\/div><\/div><div class=\"col-md-4\"><div class=\"post-blog\"><div class=\"post-image\"><a href=\"https:\/\/www.todoslostonosyayres.com\/en\/colaboracion-boreas-ventus-ii\/\" class=\"blog-link\"><\/a><img decoding=\"async\" src=\"https:\/\/www.todoslostonosyayres.com\/wp-content\/uploads\/Discografia\/Boreas_Ventus_II\/Boreas_Ventus_II_01-900x800.jpg\" alt=\"\" class=\"img-responsive image\"\/><\/div><div class=\"date\"><p class=\"month\">16<br \/>Oct<br \/>2019<br \/><\/p><\/div><div class=\"blog-info\"><p class=\"links\"><span class=\"author\">admin<\/span> | 0 Comment | <a href=\"https:\/\/www.todoslostonosyayres.com\/en\/category\/novedades\/\" rel=\"category tag\">News<\/a><\/p><a href=\"https:\/\/www.todoslostonosyayres.com\/en\/colaboracion-boreas-ventus-ii\/\" class=\"blog-title\">Collaboration in B\u00f3reas Ventus II<\/a><\/div><\/div><\/div><div class=\"col-md-4\"><div class=\"post-blog\"><div class=\"post-image\"><a href=\"https:\/\/www.todoslostonosyayres.com\/en\/nuevo-video-el-silencio-de-la-luna\/\" class=\"blog-link\"><\/a><img decoding=\"async\" src=\"https:\/\/www.todoslostonosyayres.com\/wp-content\/uploads\/Programas\/El_silencio_luna_TyA-900x663.jpg\" alt=\"\" class=\"img-responsive image\"\/><\/div><div class=\"date\"><p class=\"month\">20<br \/>Jul<br \/>2019<br \/><\/p><\/div><div class=\"blog-info\"><p class=\"links\"><span class=\"author\">admin<\/span> | 0 Comment | <a href=\"https:\/\/www.todoslostonosyayres.com\/en\/category\/novedades\/\" rel=\"category tag\">News<\/a><\/p><a href=\"https:\/\/www.todoslostonosyayres.com\/en\/nuevo-video-el-silencio-de-la-luna\/\" class=\"blog-title\">New video: The Silence of the Moon<\/a><\/div><\/div><\/div><div class=\"col-md-4\"><div class=\"post-blog\"><div class=\"post-image\"><a href=\"https:\/\/www.todoslostonosyayres.com\/en\/gira-ano-nuevo-chino-2019\/\" class=\"blog-link\"><\/a><img decoding=\"async\" src=\"https:\/\/www.todoslostonosyayres.com\/wp-content\/uploads\/Conciertos\/A\u00f1oNuevo2019\/Cartel-Gira-An\u0303o-Nuevo-Chino-2019-900x800.jpg\" alt=\"\" class=\"img-responsive image\"\/><\/div><div class=\"date\"><p class=\"month\">29<br \/>Jan<br \/>2019<br \/><\/p><\/div><div class=\"blog-info\"><p class=\"links\"><span class=\"author\">admin<\/span> | 0 Comment | <a href=\"https:\/\/www.todoslostonosyayres.com\/en\/category\/novedades\/\" rel=\"category tag\">News<\/a><\/p><a href=\"https:\/\/www.todoslostonosyayres.com\/en\/gira-ano-nuevo-chino-2019\/\" class=\"blog-title\">Chinese New Year Tour 2019<\/a><\/div><\/div><\/div><div class=\"col-md-4\"><div class=\"post-blog\"><div class=\"post-image\"><a href=\"https:\/\/www.todoslostonosyayres.com\/en\/el-clave-del-emperador-gira-por-china-2018\/\" class=\"blog-link\"><\/a><img decoding=\"async\" src=\"https:\/\/www.todoslostonosyayres.com\/wp-content\/uploads\/Conciertos\/Banner_El_clave_del_Emperador_wide-900x800.jpg\" alt=\"\" class=\"img-responsive image\"\/><\/div><div class=\"date\"><p class=\"month\">10<br \/>May<br \/>2018<br \/><\/p><\/div><div class=\"blog-info\"><p class=\"links\"><span class=\"author\">admin<\/span> | 0 Comment | <a href=\"https:\/\/www.todoslostonosyayres.com\/en\/category\/novedades\/\" rel=\"category tag\">News<\/a><\/p><a href=\"https:\/\/www.todoslostonosyayres.com\/en\/el-clave-del-emperador-gira-por-china-2018\/\" class=\"blog-title\">The Emperor's Harpsichord: China Tour 2018<\/a><\/div><\/div><\/div><div class=\"col-md-4\"><div class=\"post-blog\"><div class=\"post-image\"><a href=\"https:\/\/www.todoslostonosyayres.com\/en\/estreno-de-el-clave-del-emperador-en-el-mag-2018\/\" class=\"blog-link\"><\/a><img decoding=\"async\" src=\"https:\/\/www.todoslostonosyayres.com\/wp-content\/uploads\/Conciertos\/MAG2018.png\" alt=\"\" class=\"img-responsive image\"\/><\/div><div class=\"date\"><p class=\"month\">05<br \/>May<br \/>2018<br \/><\/p><\/div><div class=\"blog-info\"><p class=\"links\"><span class=\"author\">admin<\/span> | 0 Comment | <a href=\"https:\/\/www.todoslostonosyayres.com\/en\/category\/novedades\/\" rel=\"category tag\">News<\/a><\/p><a href=\"https:\/\/www.todoslostonosyayres.com\/en\/estreno-de-el-clave-del-emperador-en-el-mag-2018\/\" class=\"blog-title\">Premiere of \"The Emperor's Harpsichord\" at MAG 2018<\/a><\/div><\/div><\/div><\/div><\/div><\/div><\/div><\/div><\/div>","protected":false},"excerpt":{"rendered":"<p>e \u00cdliber Ensemble estrenan el programa El clave del Emperador: tras el legado de Diego de Pantoja el s\u00e1bado 26 de Mayo en el concierto de clausura del Festival de M\u00fasica Antigua de Granada MAG 2018. Puedes descargar el programa de mano oficial del concierto en el MAG2018 aqu\u00ed.<\/p>","protected":false},"author":1,"featured_media":230,"parent":0,"menu_order":0,"comment_status":"closed","ping_status":"closed","template":"","meta":{"rs_blank_template":"","rs_page_bg_color":"","slide_template_v7":"","footnotes":""},"class_list":["post-721","page","type-page","status-publish","has-post-thumbnail","hentry"],"yoast_head":"<!-- This site is optimized with the Yoast SEO plugin v27.3 - https:\/\/yoast.com\/product\/yoast-seo-wordpress\/ -->\n<title>Novedades - Todos los Tonos y Ayres<\/title>\n<meta name=\"robots\" content=\"index, follow, max-snippet:-1, max-image-preview:large, max-video-preview:-1\" \/>\n<link rel=\"canonical\" href=\"https:\/\/www.todoslostonosyayres.com\/en\/novedades\/\" \/>\n<meta name=\"twitter:card\" content=\"summary_large_image\" \/>\n<meta name=\"twitter:title\" content=\"Novedades - Todos los Tonos y Ayres\" \/>\n<meta name=\"twitter:image\" content=\"https:\/\/www.todoslostonosyayres.com\/wp-content\/uploads\/Menu\/programas_02_menu.jpg\" \/>\n<script type=\"application\/ld+json\" class=\"yoast-schema-graph\">{\"@context\":\"https:\\\/\\\/schema.org\",\"@graph\":[{\"@type\":\"WebPage\",\"@id\":\"https:\\\/\\\/www.todoslostonosyayres.com\\\/novedades\\\/\",\"url\":\"https:\\\/\\\/www.todoslostonosyayres.com\\\/novedades\\\/\",\"name\":\"Novedades - Todos los Tonos y Ayres\",\"isPartOf\":{\"@id\":\"https:\\\/\\\/www.todoslostonosyayres.com\\\/#website\"},\"primaryImageOfPage\":{\"@id\":\"https:\\\/\\\/www.todoslostonosyayres.com\\\/novedades\\\/#primaryimage\"},\"image\":{\"@id\":\"https:\\\/\\\/www.todoslostonosyayres.com\\\/novedades\\\/#primaryimage\"},\"thumbnailUrl\":\"https:\\\/\\\/www.todoslostonosyayres.com\\\/wp-content\\\/uploads\\\/Menu\\\/programas_02_menu.jpg\",\"datePublished\":\"2018-05-09T22:32:29+00:00\",\"dateModified\":\"2019-03-24T10:23:00+00:00\",\"breadcrumb\":{\"@id\":\"https:\\\/\\\/www.todoslostonosyayres.com\\\/novedades\\\/#breadcrumb\"},\"inLanguage\":\"en-US\",\"potentialAction\":[{\"@type\":\"ReadAction\",\"target\":[\"https:\\\/\\\/www.todoslostonosyayres.com\\\/novedades\\\/\"]}]},{\"@type\":\"ImageObject\",\"inLanguage\":\"en-US\",\"@id\":\"https:\\\/\\\/www.todoslostonosyayres.com\\\/novedades\\\/#primaryimage\",\"url\":\"https:\\\/\\\/www.todoslostonosyayres.com\\\/wp-content\\\/uploads\\\/Menu\\\/programas_02_menu.jpg\",\"contentUrl\":\"https:\\\/\\\/www.todoslostonosyayres.com\\\/wp-content\\\/uploads\\\/Menu\\\/programas_02_menu.jpg\",\"width\":1269,\"height\":932},{\"@type\":\"BreadcrumbList\",\"@id\":\"https:\\\/\\\/www.todoslostonosyayres.com\\\/novedades\\\/#breadcrumb\",\"itemListElement\":[{\"@type\":\"ListItem\",\"position\":1,\"name\":\"Inicio\",\"item\":\"https:\\\/\\\/www.todoslostonosyayres.com\\\/\"},{\"@type\":\"ListItem\",\"position\":2,\"name\":\"Novedades\"}]},{\"@type\":\"WebSite\",\"@id\":\"https:\\\/\\\/www.todoslostonosyayres.com\\\/#website\",\"url\":\"https:\\\/\\\/www.todoslostonosyayres.com\\\/\",\"name\":\"Todos los Tonos y Ayres\",\"description\":\"Primera agrupaci\u00f3n de m\u00fasica antigua china y europea en Espa\u00f1a\",\"publisher\":{\"@id\":\"https:\\\/\\\/www.todoslostonosyayres.com\\\/#organization\"},\"potentialAction\":[{\"@type\":\"SearchAction\",\"target\":{\"@type\":\"EntryPoint\",\"urlTemplate\":\"https:\\\/\\\/www.todoslostonosyayres.com\\\/?s={search_term_string}\"},\"query-input\":{\"@type\":\"PropertyValueSpecification\",\"valueRequired\":true,\"valueName\":\"search_term_string\"}}],\"inLanguage\":\"en-US\"},{\"@type\":\"Organization\",\"@id\":\"https:\\\/\\\/www.todoslostonosyayres.com\\\/#organization\",\"name\":\"Todos los Tonos y Ayres\",\"url\":\"https:\\\/\\\/www.todoslostonosyayres.com\\\/\",\"logo\":{\"@type\":\"ImageObject\",\"inLanguage\":\"en-US\",\"@id\":\"https:\\\/\\\/www.todoslostonosyayres.com\\\/#\\\/schema\\\/logo\\\/image\\\/\",\"url\":\"https:\\\/\\\/www.todoslostonosyayres.com\\\/wp-content\\\/uploads\\\/Logos\\\/TAmedium.png\",\"contentUrl\":\"https:\\\/\\\/www.todoslostonosyayres.com\\\/wp-content\\\/uploads\\\/Logos\\\/TAmedium.png\",\"width\":100,\"height\":149,\"caption\":\"Todos los Tonos y Ayres\"},\"image\":{\"@id\":\"https:\\\/\\\/www.todoslostonosyayres.com\\\/#\\\/schema\\\/logo\\\/image\\\/\"},\"sameAs\":[\"https:\\\/\\\/www.facebook.com\\\/tonos.ayres\\\/\",\"https:\\\/\\\/www.youtube.com\\\/channel\\\/UCFx7iNEhJWGAq0xFxAnlUpQ\"]}]}<\/script>\n<!-- \/ Yoast SEO plugin. -->","yoast_head_json":{"title":"Novedades - Todos los Tonos y Ayres","robots":{"index":"index","follow":"follow","max-snippet":"max-snippet:-1","max-image-preview":"max-image-preview:large","max-video-preview":"max-video-preview:-1"},"canonical":"https:\/\/www.todoslostonosyayres.com\/en\/novedades\/","twitter_card":"summary_large_image","twitter_title":"Novedades - Todos los Tonos y Ayres","twitter_image":"https:\/\/www.todoslostonosyayres.com\/wp-content\/uploads\/Menu\/programas_02_menu.jpg","schema":{"@context":"https:\/\/schema.org","@graph":[{"@type":"WebPage","@id":"https:\/\/www.todoslostonosyayres.com\/novedades\/","url":"https:\/\/www.todoslostonosyayres.com\/novedades\/","name":"Novedades - Todos los Tonos y Ayres","isPartOf":{"@id":"https:\/\/www.todoslostonosyayres.com\/#website"},"primaryImageOfPage":{"@id":"https:\/\/www.todoslostonosyayres.com\/novedades\/#primaryimage"},"image":{"@id":"https:\/\/www.todoslostonosyayres.com\/novedades\/#primaryimage"},"thumbnailUrl":"https:\/\/www.todoslostonosyayres.com\/wp-content\/uploads\/Menu\/programas_02_menu.jpg","datePublished":"2018-05-09T22:32:29+00:00","dateModified":"2019-03-24T10:23:00+00:00","breadcrumb":{"@id":"https:\/\/www.todoslostonosyayres.com\/novedades\/#breadcrumb"},"inLanguage":"en-US","potentialAction":[{"@type":"ReadAction","target":["https:\/\/www.todoslostonosyayres.com\/novedades\/"]}]},{"@type":"ImageObject","inLanguage":"en-US","@id":"https:\/\/www.todoslostonosyayres.com\/novedades\/#primaryimage","url":"https:\/\/www.todoslostonosyayres.com\/wp-content\/uploads\/Menu\/programas_02_menu.jpg","contentUrl":"https:\/\/www.todoslostonosyayres.com\/wp-content\/uploads\/Menu\/programas_02_menu.jpg","width":1269,"height":932},{"@type":"BreadcrumbList","@id":"https:\/\/www.todoslostonosyayres.com\/novedades\/#breadcrumb","itemListElement":[{"@type":"ListItem","position":1,"name":"Inicio","item":"https:\/\/www.todoslostonosyayres.com\/"},{"@type":"ListItem","position":2,"name":"Novedades"}]},{"@type":"WebSite","@id":"https:\/\/www.todoslostonosyayres.com\/#website","url":"https:\/\/www.todoslostonosyayres.com\/","name":"Todos los Tonos y Ayres","description":"Primera agrupaci\u00f3n de m\u00fasica antigua china y europea en Espa\u00f1a","publisher":{"@id":"https:\/\/www.todoslostonosyayres.com\/#organization"},"potentialAction":[{"@type":"SearchAction","target":{"@type":"EntryPoint","urlTemplate":"https:\/\/www.todoslostonosyayres.com\/?s={search_term_string}"},"query-input":{"@type":"PropertyValueSpecification","valueRequired":true,"valueName":"search_term_string"}}],"inLanguage":"en-US"},{"@type":"Organization","@id":"https:\/\/www.todoslostonosyayres.com\/#organization","name":"Todos los Tonos y Ayres","url":"https:\/\/www.todoslostonosyayres.com\/","logo":{"@type":"ImageObject","inLanguage":"en-US","@id":"https:\/\/www.todoslostonosyayres.com\/#\/schema\/logo\/image\/","url":"https:\/\/www.todoslostonosyayres.com\/wp-content\/uploads\/Logos\/TAmedium.png","contentUrl":"https:\/\/www.todoslostonosyayres.com\/wp-content\/uploads\/Logos\/TAmedium.png","width":100,"height":149,"caption":"Todos los Tonos y Ayres"},"image":{"@id":"https:\/\/www.todoslostonosyayres.com\/#\/schema\/logo\/image\/"},"sameAs":["https:\/\/www.facebook.com\/tonos.ayres\/","https:\/\/www.youtube.com\/channel\/UCFx7iNEhJWGAq0xFxAnlUpQ"]}]}},"_links":{"self":[{"href":"https:\/\/www.todoslostonosyayres.com\/en\/wp-json\/wp\/v2\/pages\/721","targetHints":{"allow":["GET"]}}],"collection":[{"href":"https:\/\/www.todoslostonosyayres.com\/en\/wp-json\/wp\/v2\/pages"}],"about":[{"href":"https:\/\/www.todoslostonosyayres.com\/en\/wp-json\/wp\/v2\/types\/page"}],"author":[{"embeddable":true,"href":"https:\/\/www.todoslostonosyayres.com\/en\/wp-json\/wp\/v2\/users\/1"}],"replies":[{"embeddable":true,"href":"https:\/\/www.todoslostonosyayres.com\/en\/wp-json\/wp\/v2\/comments?post=721"}],"version-history":[{"count":2,"href":"https:\/\/www.todoslostonosyayres.com\/en\/wp-json\/wp\/v2\/pages\/721\/revisions"}],"predecessor-version":[{"id":1081,"href":"https:\/\/www.todoslostonosyayres.com\/en\/wp-json\/wp\/v2\/pages\/721\/revisions\/1081"}],"wp:featuredmedia":[{"embeddable":true,"href":"https:\/\/www.todoslostonosyayres.com\/en\/wp-json\/wp\/v2\/media\/230"}],"wp:attachment":[{"href":"https:\/\/www.todoslostonosyayres.com\/en\/wp-json\/wp\/v2\/media?parent=721"}],"curies":[{"name":"wp","href":"https:\/\/api.w.org\/{rel}","templated":true}]}}